{"id":817,"date":"2022-07-19T17:47:39","date_gmt":"2022-07-19T22:47:39","guid":{"rendered":"http:\/\/132.247.196.158\/?page_id=817"},"modified":"2024-04-03T19:44:53","modified_gmt":"2024-04-04T01:44:53","slug":"deportes","status":"publish","type":"page","link":"https:\/\/www.morelia.unam.mx\/campus\/deportes\/","title":{"rendered":"Deportes"},"content":{"rendered":"\n<hr class=\"wp-block-separator has-css-opacity is-style-wide\"\/>\n\n\n\n<div class=\"wp-block-columns is-layout-flex wp-container-2\">\n<div class=\"wp-block-column is-layout-flow\" style=\"flex-basis:100%\">\n<div class=\"wp-block-stackable-columns stk-block-columns stk-block stk-aa6a818\" data-block-id=\"aa6a818\"><div class=\"stk-row stk-inner-blocks stk-block-content stk-content-align stk-aa6a818-column\">\n<div class=\"wp-block-stackable-column stk-block-column stk-column stk-block stk-4880ce8\" data-block-id=\"4880ce8\"><div class=\"stk-column-wrapper stk-block-column__content stk-container stk-4880ce8-container stk--no-background stk--no-padding\"><div class=\"stk-block-content stk-inner-blocks\">\n<p>En la UNAM Campus Morelia, contamos con las siguientes instalaciones para actividades deportivas:<\/p>\n\n\n\n<ul>\n<li>Gimnasio.<\/li>\n\n\n\n<li>\u00c1rea de vestidores y regaderas.<\/li>\n\n\n\n<li>Aparatos de ejercicio al aire libre.<\/li>\n\n\n\n<li>Cancha de usos m\u00faltiples: basquetbol, voleibol y f\u00fatbol sala.<\/li>\n<\/ul>\n<\/div><\/div><\/div>\n\n\n\n<div class=\"wp-block-stackable-column stk-block-column stk-column stk-block stk-bd672eb\" data-block-id=\"bd672eb\"><div class=\"stk-column-wrapper stk-block-column__content stk-container stk-bd672eb-container stk--no-background stk--no-padding\"><div class=\"stk-block-content stk-inner-blocks\">\n<figure class=\"wp-block-image size-full\"><img decoding=\"async\" loading=\"lazy\" width=\"1024\" height=\"998\" src=\"https:\/\/www.morelia.unam.mx\/campus\/wp-content\/uploads\/deportes-gym.jpg\" alt=\"\" class=\"wp-image-1190\"\/><\/figure>\n<\/div><\/div><\/div>\n<\/div><\/div>\n<\/div>\n<\/div>\n\n\n\n<hr class=\"wp-block-separator has-css-opacity is-style-wide\"\/>\n\n\n\n<div class=\"wp-block-columns is-layout-flex wp-container-5\">\n<div class=\"wp-block-column w-100 text-center is-layout-flow\" style=\"flex-basis:50%\">\n<figure class=\"wp-block-image size-large\"><img decoding=\"async\" loading=\"lazy\" width=\"1024\" height=\"998\" src=\"https:\/\/www.morelia.unam.mx\/campus\/wp-content\/uploads\/Deportes-ENES-UNAM-Campus-Morelia-RZ-1024x998.png\" alt=\"\" class=\"wp-image-1078\"\/><\/figure>\n<\/div>\n\n\n\n<div class=\"wp-block-column px-5 is-layout-flow\" style=\"flex-basis:50%\">\n<h3 class=\"wp-block-heading\">Deportes en la ENES Morelia<\/h3>\n\n\n\n<ul>\n<li>F\u00fatbol Varonil y Femenil.<\/li>\n\n\n\n<li>Voleibol Varonil y Femenil.<\/li>\n\n\n\n<li>Tocho Varonil, Femenil y Mixto.<\/li>\n\n\n\n<li>Basquetbol de sala y 3&#215;3 Varonil y Femenil.<\/li>\n\n\n\n<li>Box.<\/li>\n\n\n\n<li>Ajedrez.<\/li>\n\n\n\n<li>Atletismo.<\/li>\n\n\n\n<li>Taekwondo.<\/li>\n\n\n\n<li>Cl\u00ednica de Abdomen.<\/li>\n\n\n\n<li>Acondicionamiento F\u00edsico.<\/li>\n\n\n\n<li>Entrenamiento Funcional.<\/li>\n<\/ul>\n\n\n\n<p><a href=\"https:\/\/www.enesmorelia.unam.mx\/vida-universitaria\/servicios-a-la-comunidad\/actividades-deportivas\/\"><strong>Info <\/strong><\/a><strong><a rel=\"noreferrer noopener\" href=\"https:\/\/www.enesmorelia.unam.mx\/vida-universitaria\/servicios-a-la-comunidad\/actividades-deportivas\/\" target=\"_blank\">Aqu\u00ed<\/a><\/strong><a href=\"https:\/\/www.enesmorelia.unam.mx\/vida-universitaria\/servicios-a-la-comunidad\/actividades-deportivas\/\"><strong>.<\/strong> <\/a>&nbsp;<\/p>\n<\/div>\n<\/div>\n\n\n\n<hr class=\"wp-block-separator has-css-opacity is-style-wide\"\/>\n","protected":false},"excerpt":{"rendered":"<p>En la UNAM Campus Morelia, contamos con las siguientes instalaciones para actividades deportivas: Deportes en la ENES Morelia Info Aqu\u00ed. &nbsp;<\/p>\n","protected":false},"author":2,"featured_media":0,"parent":0,"menu_order":0,"comment_status":"closed","ping_status":"closed","template":"page-template-ancho-completo.php","meta":{"advgb_blocks_editor_width":"","advgb_blocks_columns_visual_guide":"","_coblocks_attr":"","_coblocks_dimensions":"","_coblocks_responsive_height":"","_coblocks_accordion_ie_support":"","inline_featured_image":false,"ub_ctt_via":""},"categories":[1],"tags":[],"featured_image_urls":{"full":"","thumbnail":"","medium":"","medium_large":"","large":"","1536x1536":"","2048x2048":""},"post_excerpt_stackable":"<p>En la UNAM Campus Morelia, contamos con las siguientes instalaciones para actividades deportivas: Gimnasio. \u00c1rea de vestidores y regaderas. Aparatos de ejercicio al aire libre. Cancha de usos m\u00faltiples: basquetbol, voleibol y f\u00fatbol sala. Deportes en la ENES Morelia F\u00fatbol Varonil y Femenil. Voleibol Varonil y Femenil. Tocho Varonil, Femenil y Mixto. Basquetbol de sala y 3&#215;3 Varonil y Femenil. Box. Ajedrez. Atletismo. Taekwondo. Cl\u00ednica de Abdomen. Acondicionamiento F\u00edsico. Entrenamiento Funcional. Info Aqu\u00ed. &nbsp;<\/p>\n","category_list":"<a href=\"https:\/\/www.morelia.unam.mx\/campus\/category\/sin-categoria\/\" rel=\"category tag\">Sin categor\u00eda<\/a>","author_info":{"name":"Erik Espinosa","url":"https:\/\/www.morelia.unam.mx\/campus\/author\/eespinosa\/"},"comments_num":"0 comments","featured_image_src":null,"coauthors":[],"author_meta":{"author_link":"https:\/\/www.morelia.unam.mx\/campus\/author\/eespinosa\/","display_name":"Erik Espinosa"},"relative_dates":{"created":"Publicado 4 a\u00f1os hace","modified":"Actualizado 2 a\u00f1os hace"},"absolute_dates":{"created":"Publicado el 19 julio, 2022","modified":"Actualizado el 3 abril, 2024"},"absolute_dates_time":{"created":"Publicado el 19 julio, 2022 5:47 pm","modified":"Actualizado el 3 abril, 2024 7:44 pm"},"featured_img_caption":"","featured_img":false,"uagb_featured_image_src":{"full":false,"thumbnail":false,"medium":false,"medium_large":false,"large":false,"1536x1536":false,"2048x2048":false},"uagb_author_info":{"display_name":"Erik Espinosa","author_link":"https:\/\/www.morelia.unam.mx\/campus\/author\/eespinosa\/"},"uagb_comment_info":0,"uagb_excerpt":"En la UNAM Campus Morelia, contamos con las siguientes instalaciones para actividades deportivas: Deportes en la ENES Morelia Info Aqu\u00ed. &nbsp;","_links":{"self":[{"href":"https:\/\/www.morelia.unam.mx\/campus\/wp-json\/wp\/v2\/pages\/817"}],"collection":[{"href":"https:\/\/www.morelia.unam.mx\/campus\/wp-json\/wp\/v2\/pages"}],"about":[{"href":"https:\/\/www.morelia.unam.mx\/campus\/wp-json\/wp\/v2\/types\/page"}],"author":[{"embeddable":true,"href":"https:\/\/www.morelia.unam.mx\/campus\/wp-json\/wp\/v2\/users\/2"}],"replies":[{"embeddable":true,"href":"https:\/\/www.morelia.unam.mx\/campus\/wp-json\/wp\/v2\/comments?post=817"}],"version-history":[{"count":27,"href":"https:\/\/www.morelia.unam.mx\/campus\/wp-json\/wp\/v2\/pages\/817\/revisions"}],"predecessor-version":[{"id":1594,"href":"https:\/\/www.morelia.unam.mx\/campus\/wp-json\/wp\/v2\/pages\/817\/revisions\/1594"}],"wp:attachment":[{"href":"https:\/\/www.morelia.unam.mx\/campus\/wp-json\/wp\/v2\/media?parent=817"}],"wp:term":[{"taxonomy":"category","embeddable":true,"href":"https:\/\/www.morelia.unam.mx\/campus\/wp-json\/wp\/v2\/categories?post=817"},{"taxonomy":"post_tag","embeddable":true,"href":"https:\/\/www.morelia.unam.mx\/campus\/wp-json\/wp\/v2\/tags?post=817"}],"curies":[{"name":"wp","href":"https:\/\/api.w.org\/{rel}","templated":true}]}}