{"id":395,"date":"2022-04-21T15:58:58","date_gmt":"2022-04-21T20:58:58","guid":{"rendered":"http:\/\/132.247.196.158\/?page_id=395"},"modified":"2025-04-24T18:22:25","modified_gmt":"2025-04-25T00:22:25","slug":"igum","status":"publish","type":"page","link":"https:\/\/www.morelia.unam.mx\/campus\/igum\/","title":{"rendered":"IGUM"},"content":{"rendered":"<div class='white' style='background:rgba(0,0,0,0); border:solid 1px rgba(0,0,0,0); border-radius:10px; padding:10px 0px 0px 0px;'>\n<div id='slider_864' class='owl-carousel sa_owl_theme owl-pagination-true autohide-arrows' data-slider-id='slider_864' style='visibility:hidden;'>\n<div id='slider_864_slide01' class='sa_hover_container sa_vert_center_wrap' style='padding:1% 5%; margin:0px 2%; background-color:rgb(243, 243, 243); min-height:90px; '><div class='sa_vert_center'><p style=\"text-align: center\"><a href=\"https:\/\/www.iies.unam.mx\"><img class=\"slider-dependencias wp-image-866 aligncenter\" src=\"https:\/\/www.morelia.unam.mx\/campus\/wp-content\/uploads\/lg-IIES.png\" alt=\"\" width=\"120\" height=\"84\" \/><\/a><\/p><\/div><\/div>\n<div id='slider_864_slide02' class='sa_hover_container sa_vert_center_wrap' style='padding:1% 5%; margin:0px 2%; background-color:rgb(243, 243, 243); min-height:90px; '><div class='sa_vert_center'><p><a href=\"https:\/\/www.irya.unam.mx\"><img class=\"slider-dependencias wp-image-867 aligncenter\" src=\"https:\/\/www.morelia.unam.mx\/campus\/wp-content\/uploads\/lg-IRyA.png\" alt=\"\" width=\"120\" height=\"84\" \/><\/a><\/p><\/div><\/div>\n<div id='slider_864_slide03' class='sa_hover_container sa_vert_center_wrap' style='padding:1% 5%; margin:0px 2%; background-color:rgb(243, 243, 243); min-height:90px; '><div class='sa_vert_center'><p><a href=\"https:\/\/www.matmor.unam.mx\"><img class=\"slider-dependencias wp-image-868 aligncenter\" src=\"https:\/\/www.morelia.unam.mx\/campus\/wp-content\/uploads\/lg-CCM.png\" alt=\"\" width=\"120\" height=\"84\" \/><\/a><\/p><\/div><\/div>\n<div id='slider_864_slide04' class='sa_hover_container sa_vert_center_wrap' style='padding:1% 5%; margin:0px 2%; background-color:rgb(243, 243, 243); min-height:90px; '><div class='sa_vert_center'><p><a href=\"https:\/\/www.ciga.unam.mx\/\"><img class=\"slider-dependencias aligncenter wp-image-869\" src=\"https:\/\/www.morelia.unam.mx\/campus\/wp-content\/uploads\/lg-CIGA.png\" alt=\"\" width=\"120\" height=\"84\" \/><\/a><\/p><\/div><\/div>\n<div id='slider_864_slide05' class='sa_hover_container sa_vert_center_wrap' style='padding:1% 5%; margin:0px 2%; background-color:rgb(243, 243, 243); min-height:90px; '><div class='sa_vert_center'><p><a href=\"https:\/\/igum.geofisica.unam.mx\/\"><img class=\"slider-dependencias aligncenter wp-image-870\" src=\"https:\/\/www.morelia.unam.mx\/campus\/wp-content\/uploads\/lg-IGUM.png\" alt=\"\" width=\"120\" height=\"84\" \/><\/a><\/p><\/div><\/div>\n<div id='slider_864_slide06' class='sa_hover_container sa_vert_center_wrap' style='padding:1% 5%; margin:0px 2%; background-color:rgb(243, 243, 243); min-height:90px; '><div class='sa_vert_center'><p><a href=\"https:\/\/www.iim.unam.mx\/unidadmorelia\"><img class=\"slider-dependencias aligncenter wp-image-871\" src=\"https:\/\/www.morelia.unam.mx\/campus\/wp-content\/uploads\/lg-IIM-M.png\" alt=\"\" width=\"120\" height=\"84\" \/><\/a><\/p><\/div><\/div>\n<div id='slider_864_slide07' class='sa_hover_container sa_vert_center_wrap' style='padding:1% 5%; margin:0px 2%; background-color:rgb(243, 243, 243); min-height:90px; '><div class='sa_vert_center'><p><a href=\"https:\/\/udir.humanidades.unam.mx\"><img class=\"slider-dependencias aligncenter wp-image-872\" src=\"https:\/\/www.morelia.unam.mx\/campus\/wp-content\/uploads\/lg-UDIR.png\" alt=\"\" width=\"120\" height=\"84\" \/><\/a><\/p><\/div><\/div>\n<div id='slider_864_slide08' class='sa_hover_container sa_vert_center_wrap' style='padding:1% 5%; margin:0px 2%; background-color:rgb(243, 243, 243); min-height:90px; '><div class='sa_vert_center'><p><a href=\"https:\/\/www.enesmorelia.unam.mx\"><img class=\"slider-dependencias aligncenter wp-image-873\" src=\"https:\/\/www.morelia.unam.mx\/campus\/wp-content\/uploads\/lg-ENES-M.png\" alt=\"\" width=\"120\" height=\"84\" \/><\/a><\/p><\/div><\/div>\n<div id='slider_864_slide09' class='sa_hover_container sa_vert_center_wrap' style='padding:1% 5%; margin:0px 2%; background-color:rgb(243, 243, 243); min-height:90px; '><div class='sa_vert_center'><p><a href=\"https:\/\/www.csam.unam.mx\"><img class=\"slider-dependencias aligncenter wp-image-875\" src=\"https:\/\/www.morelia.unam.mx\/campus\/wp-content\/uploads\/servicios-administrativos-200.png\" alt=\"\" width=\"120\" height=\"84\" \/><\/a><\/p><\/div><\/div>\n<\/div>\n<\/div>\n<script type='text\/javascript'>\n\tjQuery(document).ready(function() {\n\t\tjQuery('#slider_864').owlCarousel({\n\t\t\tresponsive:{\n\t\t\t\t0:{ items:1 },\n\t\t\t\t480:{ items:2 },\n\t\t\t\t768:{ items:3 },\n\t\t\t\t980:{ items:4 },\n\t\t\t\t1200:{ items:5 },\n\t\t\t\t1500:{ items:6 }\n\t\t\t},\n\t\t\tautoplay : true,\n\t\t\tautoplayTimeout : 8000,\n\t\t\tautoplayHoverPause : true,\n\t\t\tsmartSpeed : 500,\n\t\t\tfluidSpeed : 500,\n\t\t\tautoplaySpeed : 500,\n\t\t\tnavSpeed : 500,\n\t\t\tdotsSpeed : 500,\n\t\t\tloop : true,\n\t\t\tnav : true,\n\t\t\tnavText : ['Previous','Next'],\n\t\t\tdots : true,\n\t\t\tresponsiveRefreshRate : 200,\n\t\t\tslideBy : 1,\n\t\t\tmergeFit : true,\n\t\t\tautoHeight : true,\n\t\t\tmouseDrag : true,\n\t\t\ttouchDrag : true\n\t\t});\n\t\tjQuery('#slider_864').css('visibility', 'visible');\n\t\tvar mw_864 = jQuery('#slider_864');\n\t\tmw_864.on('mousewheel', '.owl-stage', function (e) {\n\t\t\tif (e.deltaY>0) {\n\t\t\t\tmw_864.trigger('next.owl');\n\t\t\t} else {\n\t\t\t\tmw_864.trigger('prev.owl');\n\t\t\t}\n\t\t\te.preventDefault();\n\t\t});\n\t\tvar owl_goto = jQuery('#slider_864');\n\t\tjQuery('.slider_864_goto1').click(function(event){\n\t\t\towl_goto.trigger('to.owl.carousel', 0);\n\t\t});\n\t\tjQuery('.slider_864_goto2').click(function(event){\n\t\t\towl_goto.trigger('to.owl.carousel', 1);\n\t\t});\n\t\tjQuery('.slider_864_goto3').click(function(event){\n\t\t\towl_goto.trigger('to.owl.carousel', 2);\n\t\t});\n\t\tjQuery('.slider_864_goto4').click(function(event){\n\t\t\towl_goto.trigger('to.owl.carousel', 3);\n\t\t});\n\t\tjQuery('.slider_864_goto5').click(function(event){\n\t\t\towl_goto.trigger('to.owl.carousel', 4);\n\t\t});\n\t\tjQuery('.slider_864_goto6').click(function(event){\n\t\t\towl_goto.trigger('to.owl.carousel', 5);\n\t\t});\n\t\tjQuery('.slider_864_goto7').click(function(event){\n\t\t\towl_goto.trigger('to.owl.carousel', 6);\n\t\t});\n\t\tjQuery('.slider_864_goto8').click(function(event){\n\t\t\towl_goto.trigger('to.owl.carousel', 7);\n\t\t});\n\t\tjQuery('.slider_864_goto9').click(function(event){\n\t\t\towl_goto.trigger('to.owl.carousel', 8);\n\t\t});\n\t\tvar resize_864 = jQuery('.owl-carousel');\n\t\tresize_864.on('initialized.owl.carousel', function(e) {\n\t\t\tif (typeof(Event) === 'function') {\n\t\t\t\twindow.dispatchEvent(new Event('resize'));\n\t\t\t} else {\n\t\t\t\tvar evt = window.document.createEvent('UIEvents');\n\t\t\t\tevt.initUIEvent('resize', true, false, window, 0);\n\t\t\t\twindow.dispatchEvent(evt);\n\t\t\t}\n\t\t});\n\t});\n<\/script>\n\n\n\n\n<div class=\"wp-block-stackable-heading page-title stk-block-heading stk--hide-desktop stk--hide-tablet stk-block stk-f66f81a\" id=\"instituto-de-geofisica-unidad-morelia\" data-block-id=\"f66f81a\"><h1 class=\"stk-block-heading__text\">Instituto de Geof\u00edsica Unidad Morelia<\/h1><\/div>\n\n\n\n<div class=\"wp-block-kadence-rowlayout alignnone\"><div id=\"kt-layout-id_de5521-e3\" class=\"kt-row-layout-inner kt-layout-id_de5521-e3\"><div class=\"kt-row-column-wrap kt-has-1-columns kt-gutter-default kt-v-gutter-default kt-row-valign-top kt-row-layout-equal kt-tab-layout-inherit kt-m-colapse-left-to-right kt-mobile-layout-row\">\n<div class=\"wp-block-kadence-column inner-column-1 kadence-column_29c4da-c1\"><div class=\"kt-inside-inner-col\">\n<div class=\"wp-block-kadence-tabs alignnone layout-tabs\"><div class=\"kt-tabs-wrap kt-tabs-id_8f5d6d-44 kt-tabs-has-4-tabs kt-active-tab-1 kt-tabs-layout-tabs kt-tabs-tablet-layout-inherit kt-tabs-mobile-layout-accordion kt-tab-alignment-center kt-create-accordion\" style=\"max-width:none\"><ul class=\"kt-tabs-title-list\"><li id=\"tab-historiaylogros\" class=\"kt-title-item kt-title-item-1 kt-tabs-svg-show-always kt-tabs-icon-side-left kt-tab-title-active\"><a href=\"#tab-historiaylogros\" data-tab=\"1\" class=\"kt-tab-title kt-tab-title-1 \"><span class=\"kt-title-text\">Historia y Logros<\/span><\/a><\/li><li id=\"tab-ofertaacadmica\" class=\"kt-title-item kt-title-item-2 kt-tabs-svg-show-always kt-tabs-icon-side-left kt-tab-title-inactive\"><a href=\"#tab-ofertaacadmica\" data-tab=\"2\" class=\"kt-tab-title kt-tab-title-2 \"><span class=\"kt-title-text\">Oferta Acad\u00e9mica<\/span><\/a><\/li><li id=\"tab-investigacin\" class=\"kt-title-item kt-title-item-3 kt-tabs-svg-show-always kt-tabs-icon-side-left kt-tab-title-inactive\"><a href=\"#tab-investigacin\" data-tab=\"3\" class=\"kt-tab-title kt-tab-title-3 \"><span class=\"kt-title-text\">Investigaci\u00f3n<\/span><\/a><\/li><li id=\"tab-contacto\" class=\"kt-title-item kt-title-item-4 kt-tabs-svg-show-always kt-tabs-icon-side-left kt-tab-title-inactive\"><a href=\"#tab-contacto\" data-tab=\"4\" class=\"kt-tab-title kt-tab-title-4 \"><span class=\"kt-title-text\">Contacto<\/span><\/a><\/li><\/ul><div class=\"kt-tabs-content-wrap\">\n<div class=\"wp-block-kadence-tab kt-tab-inner-content kt-inner-tab-1 kt-inner-tab_bc81c0-c6\"><div class=\"kt-tab-inner-content-inner\">\n<div class=\"wp-block-media-text alignwide has-media-on-the-right is-stacked-on-mobile is-vertically-aligned-top\"><div class=\"wp-block-media-text__content\">\n<div class=\"wp-block-stackable-heading page-title stk-block-heading stk--hide-mobile stk-block stk-ded9586\" id=\"instituto-de-geofisica-unidad-morelia\" data-block-id=\"ded9586\"><h1 class=\"stk-block-heading__text\">Instituto de Geof\u00edsica Unidad Morelia<\/h1><\/div>\n\n\n\n<p>El Instituto de Geof\u00edsica, Unidad Michoac\u00e1n, (<strong>IGUM-UNAM<\/strong>), es una Dependencia Acad\u00e9mica de la Universidad Nacional Aut\u00f3noma de M\u00e9xico (<strong>UNAM<\/strong>).<\/p>\n\n\n\n<p class=\"subseccion\"><strong>HISTORIA<\/strong><\/p>\n\n\n\n<p>La presencia del Instituto de Geof\u00edsica (IGEF-UNAM) en el Estado de Michoac\u00e1n se remontan al a\u00f1o de 1993, en donde se iniciaron, en colaboraci\u00f3n con personal de la Universidad Michoacana de San Nicol\u00e1s de Hidalgo (UMSNH), estudios geol\u00f3gicos, tect\u00f3nicos y volc\u00e1nicos.<\/p>\n\n\n\n<p>A principios de este siglo se decide construir el Observatorio de Centelleo Interplanetario (MEXART) en Coeneo, Michoac\u00e1n; cuyo objetivo es estudiar la propagaci\u00f3n de tormentas solares entre el Sol y la Tierra.<\/p>\n\n\n\n<p>Para m\u00e1s informaci\u00f3n consulta:&nbsp;<a href=\"http:\/\/igum.geofisica.unam.mx\/acerca.html\" target=\"_blank\" rel=\"noreferrer noopener\">http:\/\/igum.geofisica.unam.mx\/acerca.html<\/a><\/p>\n\n\n\n<p class=\"subseccion\"><strong>LOGROS<\/strong><\/p>\n\n\n\n<p class=\"entry-title\"><strong>HELIOF\u00cdSICA Y CLIMA ESPACIAL<\/strong><\/p>\n\n\n\n<ul>\n<li>Creaci\u00f3n del Laboratorio de Clima Espacial.<\/li>\n\n\n\n<li>Creaci\u00f3n del Servicio de Clima espacial .<\/li>\n\n\n\n<li>Certificaci\u00f3n ISO:9001 del LANCE (Primero en el campus).<\/li>\n\n\n\n<li>Puesta en marcha de instrumentaci\u00f3n propia (estaci\u00f3n Callisto, detectores de GICs, Variometros, ionosondas).<\/li>\n\n\n\n<li>Digitalizaci\u00f3n del Backend del MEXART.<\/li>\n<\/ul>\n\n\n\n<p class=\"entry-title\"><strong>GEOMAGNETISMO Y GEOF\u00cdSICA AMBIENTAL<\/strong><\/p>\n\n\n\n<ul>\n<li>Consolidaci\u00f3n del servicio Arqueomagn\u00e9tico Nacional.<\/li>\n\n\n\n<li>Desarrollo de Investigaciones de Frontera.<\/li>\n\n\n\n<li>Puente entre Geof\u00edsica y Arqueolog\u00eda.<\/li>\n\n\n\n<li>Monitoreo de la contaminaci\u00f3n Ambiental de grandes Ciudades de nuestro Pa\u00eds.<\/li>\n<\/ul>\n\n\n\n<p class=\"entry-title\"><strong>PELIGROS Y RIESGOS POR FEN\u00d3MENOS NATURALES<\/strong><\/p>\n\n\n\n<ul>\n<li>Consolidaci\u00f3n del Laboratorio de la Unidad de Geoqu\u00edmica de Fluidos Geot\u00e9rmicos.<\/li>\n\n\n\n<li>Implementaci\u00f3n de un sistema de gesti\u00f3n de calidad en Laboratorios de Geoqu\u00edmica de Fluidos.<\/li>\n\n\n\n<li>Estudio multidisciplinario del peligro volc\u00e1nico en Michoac\u00e1n.<\/li>\n<\/ul>\n\n\n\n<p>Consolidaci\u00f3n del Laboratorio de An\u00e1lisis de Riesgo.<\/p>\n\n\n\n<p class=\"link-sitio-web\"><strong>SITIO WEB OFICIAL<\/strong><\/p>\n\n\n\n<p><a rel=\"noreferrer noopener\" href=\"http:\/\/igum.geofisica.unam.mx\/\" target=\"_blank\">http:\/\/igum.geofisica.unam.mx\/<\/a><\/p>\n<\/div><figure class=\"wp-block-media-text__media\"><img decoding=\"async\" loading=\"lazy\" width=\"425\" height=\"505\" src=\"https:\/\/www.morelia.unam.mx\/campus\/wp-content\/uploads\/igum-principal.jpg\" alt=\"\" class=\"wp-image-745 size-full\"\/><\/figure><\/div>\n<\/div><\/div>\n\n\n\n<div class=\"wp-block-kadence-tab kt-tab-inner-content kt-inner-tab-2 kt-inner-tab_1cc7ba-1e\"><div class=\"kt-tab-inner-content-inner\">\n<div class=\"wp-block-kadence-rowlayout alignnone\"><div id=\"kt-layout-id_7f8424-e3\" class=\"kt-row-layout-inner kt-layout-id_7f8424-e3\"><div class=\"kt-row-column-wrap kt-has-2-columns kt-gutter-default kt-v-gutter-default kt-row-valign-top kt-row-layout-right-golden kt-tab-layout-inherit kt-m-colapse-left-to-right kt-mobile-layout-row  kt-custom-first-width-15  kt-custom-second-width-85\">\n<div class=\"wp-block-kadence-column inner-column-1 kadence-column_cedcac-54\"><div class=\"kt-inside-inner-col\"><div class=\"wp-block-image size-full\">\n<figure class=\"aligncenter\"><img decoding=\"async\" loading=\"lazy\" width=\"200\" height=\"140\" src=\"https:\/\/www.morelia.unam.mx\/campus\/wp-content\/uploads\/lg-IGUM.png\" alt=\"\" class=\"wp-image-870\"\/><\/figure><\/div><\/div><\/div>\n\n\n\n<div class=\"wp-block-kadence-column inner-column-2 kadence-column_922398-bf\"><div class=\"kt-inside-inner-col\">\n<p class=\"subseccion has-text-color\" style=\"color:#295d8f\"><strong>OFERTA ACADEMICA<\/strong><\/p>\n\n\n\n<p>El IGUM-UNAM ofrece programas de Servicio Social en las \u00e1reas afines a las l\u00edneas de investigaci\u00f3n de los investigadores del grupo. Los programas consideran tanto un \u00e1rea instrumental\/experimental para los interesados en el desarrollo e implementaci\u00f3n de instrumentos de medici\u00f3n y observaci\u00f3n cient\u00edfica como un \u00e1rea te\u00f3rica para los interesados en el desarrollo e implementaci\u00f3n de modelos te\u00f3ricos y\/o el an\u00e1lisis de datos de detectores o instrumentos de investigaci\u00f3n. Los programas est\u00e1n dirigidos a estudiantes de Licenciatura de Ciencias de la Tierra,&nbsp; F\u00edsica, Ingenier\u00eda o carreras afines de la UNAM o de cualquier otra instituci\u00f3n. Seg\u00fan el caso, los estudiantes pueden aspirar a una beca o apoyo econ\u00f3mico.<\/p>\n\n\n\n<p>El \u00e1rea acad\u00e9mica junto a el Instituto de Geof\u00edsica se ofrece cursar el Posgrado de Ciencias de la Tierra, en particular en las \u00e1reas afines que el Instituto posee, como: Peligros y riesgos, Geomagnetismo, Geof\u00edsica Aplicada (Recursos Naturales, geof\u00edsica somera), y F\u00edsica Espacial.<\/p>\n\n\n\n<p>Tambi\u00e9n se ofrecen mecanismos que acerquen de forma continua a los estudiantes de otros posgrados de la UNAM y fuera de ella, as\u00ed como las Licenciaturas a las mencionadas \u00e1reas de investigaci\u00f3n. Esto permitir\u00e1 la creaci\u00f3n de v\u00ednculos entre los estudiantes graduados y de licenciatura (servicio social y tesis) hacia los temas de investigaci\u00f3n de frontera que se realizan en el IGf, cre\u00e1ndose alternativas que les permita una mejor inclusi\u00f3n dentro de la l\u00ednea productiva de nuestro pa\u00eds.<\/p>\n\n\n\n<p><strong>Posgrado con participaci\u00f3n del IGEF<\/strong><\/p>\n\n\n\n<ul>\n<li>Posgrado en Ciencias de la Tierra<\/li>\n\n\n\n<li>Posgrado en Ciencias del Mar<\/li>\n<\/ul>\n<\/div><\/div>\n<\/div><\/div><\/div>\n<\/div><\/div>\n\n\n\n<div class=\"wp-block-kadence-tab kt-tab-inner-content kt-inner-tab-3 kt-inner-tab_7713d8-dc\"><div class=\"kt-tab-inner-content-inner\">\n<div class=\"wp-block-kadence-rowlayout alignnone\"><div id=\"kt-layout-id_0750ab-fd\" class=\"kt-row-layout-inner kt-layout-id_0750ab-fd\"><div class=\"kt-row-column-wrap kt-has-2-columns kt-gutter-default kt-v-gutter-default kt-row-valign-top kt-row-layout-right-golden kt-tab-layout-inherit kt-m-colapse-left-to-right kt-mobile-layout-row  kt-custom-first-width-15  kt-custom-second-width-85\">\n<div class=\"wp-block-kadence-column inner-column-1 kadence-column_9b57f5-f7\"><div class=\"kt-inside-inner-col\"><div class=\"wp-block-image size-full\">\n<figure class=\"aligncenter\"><img decoding=\"async\" loading=\"lazy\" width=\"200\" height=\"140\" src=\"https:\/\/www.morelia.unam.mx\/campus\/wp-content\/uploads\/lg-IGUM.png\" alt=\"\" class=\"wp-image-870\"\/><\/figure><\/div><\/div><\/div>\n\n\n\n<div class=\"wp-block-kadence-column inner-column-2 kadence-column_7fb6da-12\"><div class=\"kt-inside-inner-col\">\n<p class=\"subseccion\" id=\"block-0e7bd9ca-6e84-4160-a484-6d8a080ddc5e\"><strong>INVESTIGACI\u00d3N<\/strong><\/p>\n\n\n\n<p id=\"block-889fd098-28ad-43c0-82c9-30c921516f5e\"><strong>HELIOF\u00cdSICA Y CLIMA ESPACIAL<\/strong><\/p>\n\n\n\n<ul id=\"block-a7d4db67-0b0f-43e2-96a5-de11346f2afd\">\n<li>Heliof\u00edsica<\/li>\n\n\n\n<li>Clima Espacial<\/li>\n\n\n\n<li>Medio Interplanetario<\/li>\n\n\n\n<li>Ionosfera<\/li>\n\n\n\n<li>Centelleo Interplanetario<\/li>\n\n\n\n<li>Estallidos de Radio&nbsp;&nbsp;&nbsp;&nbsp;&nbsp;&nbsp;&nbsp;&nbsp;&nbsp;&nbsp;<\/li>\n\n\n\n<li>Rayos C\u00f3smicos<\/li>\n<\/ul>\n\n\n\n<p id=\"block-3f30231d-663f-4c39-bcc1-cd01974ee287\"><strong>GEOMAGNETISMO Y GEOF\u00cdSICA AMBIENTAL<\/strong><\/p>\n\n\n\n<ul id=\"block-2afd261b-ffff-443a-9921-b9ec2bb58fd6\">\n<li>Geomagnetismo&nbsp;<\/li>\n\n\n\n<li>Paleomagnetismo &nbsp;&nbsp;&nbsp;&nbsp;&nbsp;&nbsp;&nbsp;&nbsp;&nbsp;&nbsp;&nbsp;<\/li>\n\n\n\n<li>Arqueomagnetismo&nbsp;&nbsp;&nbsp;&nbsp;&nbsp;&nbsp;&nbsp;&nbsp;&nbsp;&nbsp;<\/li>\n\n\n\n<li>Geof\u00edsica Ambiental<\/li>\n<\/ul>\n\n\n\n<p id=\"block-f207dfa0-83eb-4655-bd19-5d199fde180d\"><strong>PELIGROS Y RIESGOS POR FEN\u00d3MENOS NATURALES<\/strong><\/p>\n\n\n\n<ul id=\"block-deb2f6da-18fb-49a2-876c-8b24baa6f45a\">\n<li>Vulcanolog\u00eda y Petrolog\u00eda<\/li>\n\n\n\n<li>Geotermia&nbsp;&nbsp;&nbsp;&nbsp;&nbsp;&nbsp;&nbsp;&nbsp;&nbsp;&nbsp;<\/li>\n\n\n\n<li>Peligros y riesgos por fen\u00f3menos naturales<\/li>\n\n\n\n<li>Geoqu\u00edmica ambiental<\/li>\n<\/ul>\n<\/div><\/div>\n<\/div><\/div><\/div>\n<\/div><\/div>\n\n\n\n<div class=\"wp-block-kadence-tab kt-tab-inner-content kt-inner-tab-4 kt-inner-tab_43e25f-95\"><div class=\"kt-tab-inner-content-inner\">\n<div class=\"wp-block-media-text alignwide is-stacked-on-mobile\"><figure class=\"wp-block-media-text__media\"><img decoding=\"async\" loading=\"lazy\" width=\"425\" height=\"505\" src=\"https:\/\/www.morelia.unam.mx\/campus\/wp-content\/uploads\/igum-contacto.jpg\" alt=\"\" class=\"wp-image-527 size-full\"\/><\/figure><div class=\"wp-block-media-text__content\">\n<p class=\"subseccion has-text-color\" style=\"color:#295d8f\"><strong>CONTACTO<\/strong><\/p>\n\n\n\n<p><strong>IGUM &#8211; UNAM<\/strong><\/p>\n\n\n\n<p>Antigua Carretera a P\u00e1tzcuaro No. 8701<\/p>\n\n\n\n<p>Col. Ex Hacienda de San Jos\u00e9 de la Huerta<\/p>\n\n\n\n<p>C.P. 58190 Morelia, Michoac\u00e1n, M\u00e9xico<\/p>\n\n\n\n<p>Tel\u00e9fonos:<\/p>\n\n\n\n<p>Desde Morelia (443) 6-89-35-00<\/p>\n\n\n\n<p>Desde Ciudad de M\u00e9xico (55) 5623-73-00<\/p>\n<\/div><\/div>\n<\/div><\/div>\n<\/div><\/div><\/div>\n<\/div><\/div>\n<\/div><\/div><\/div>\n<style class=\"advgb-styles-renderer\">#kt-layout-id_de5521-e3 > .kt-row-column-wrap{padding-top:0px;padding-bottom:0px;}@media all and (max-width: 1024px){.kadence-column_29c4da-c1 > .kt-inside-inner-col{display:block;}}@media all and (max-width: 767px){.kadence-column_29c4da-c1 > .kt-inside-inner-col{display:block;}}.kt-tabs-id_8f5d6d-44 > .kt-tabs-content-wrap > .wp-block-kadence-tab {border-width:1px 0px 0px 0px;min-height:510px;border-color:#eee;background:#fff;}.wp-block-kadence-tabs .kt-tabs-id_8f5d6d-44 > .kt-tabs-title-list li {margin:0px 4px 0px 4px;}.wp-block-kadence-tabs .kt-tabs-id_8f5d6d-44 > .kt-tabs-title-list li .kt-tab-title, .wp-block-kadence-tabs .kt-tabs-id_8f5d6d-44 > .kt-tabs-content-wrap > .kt-tabs-accordion-title .kt-tab-title {font-size:15px;line-height:35px;font-family:Open Sans;font-weight:700;border-width:0px 0px 5px 0px ;border-radius:0px 0px 0px 0px ;padding:10px 20px 10px 20px ;border-color:#fff;color:#575757;background:#e0e8ef;}.wp-block-kadence-tabs .kt-tabs-id_8f5d6d-44 > .kt-tabs-title-list li .kt-tab-title:hover, .wp-block-kadence-tabs .kt-tabs-id_8f5d6d-44 > .kt-tabs-content-wrap > .kt-tabs-accordion-title .kt-tab-title:hover {border-color:#eee;color:#444;background:#fff;}.wp-block-kadence-tabs .kt-tabs-id_8f5d6d-44 > .kt-tabs-title-list li.kt-tab-title-active .kt-tab-title, .wp-block-kadence-tabs .kt-tabs-id_8f5d6d-44 > .kt-tabs-content-wrap > .kt-tabs-accordion-title.kt-tab-title-active .kt-tab-title  {border-color:#00b5e2;color:#00b5e2;background:#fff;}@media all and (min-width: 768px){#kt-layout-id_7f8424-e3 > .kt-row-column-wrap > .inner-column-1{flex:0 1 15%;-webkit-flex:0 1 15%;}#kt-layout-id_7f8424-e3 > .kt-row-column-wrap > .inner-column-2{flex:0 1 85%;-webkit-flex:0 1 85%;}}@media all and (min-width: 768px){#kt-layout-id_0750ab-fd > .kt-row-column-wrap > .inner-column-1{flex:0 1 15%;-webkit-flex:0 1 15%;}#kt-layout-id_0750ab-fd > .kt-row-column-wrap > .inner-column-2{flex:0 1 85%;-webkit-flex:0 1 85%;}}<\/style>","protected":false},"excerpt":{"rendered":"<p>Instituto de Geof\u00edsica Unidad Morelia<\/p>\n","protected":false},"author":2,"featured_media":517,"parent":0,"menu_order":5,"comment_status":"closed","ping_status":"closed","template":"page-template-ancho-fijo.php","meta":{"advgb_blocks_editor_width":"","advgb_blocks_columns_visual_guide":"","_coblocks_attr":"","_coblocks_dimensions":"","_coblocks_responsive_height":"","_coblocks_accordion_ie_support":"","inline_featured_image":false,"ub_ctt_via":""},"categories":[15],"tags":[],"featured_image_urls":{"full":["https:\/\/www.morelia.unam.mx\/campus\/wp-content\/uploads\/igum-contenido.png",258,96,false],"thumbnail":["https:\/\/www.morelia.unam.mx\/campus\/wp-content\/uploads\/igum-contenido-150x96.png",150,96,true],"medium":["https:\/\/www.morelia.unam.mx\/campus\/wp-content\/uploads\/igum-contenido.png",258,96,false],"medium_large":["https:\/\/www.morelia.unam.mx\/campus\/wp-content\/uploads\/igum-contenido.png",258,96,false],"large":["https:\/\/www.morelia.unam.mx\/campus\/wp-content\/uploads\/igum-contenido.png",258,96,false],"1536x1536":["https:\/\/www.morelia.unam.mx\/campus\/wp-content\/uploads\/igum-contenido.png",258,96,false],"2048x2048":["https:\/\/www.morelia.unam.mx\/campus\/wp-content\/uploads\/igum-contenido.png",258,96,false]},"post_excerpt_stackable":"<p>Instituto de Geof\u00edsica Unidad Morelia Historia y LogrosOferta Acad\u00e9micaInvestigaci\u00f3nContacto Instituto de Geof\u00edsica Unidad Morelia El Instituto de Geof\u00edsica, Unidad Michoac\u00e1n, (IGUM-UNAM), es una Dependencia Acad\u00e9mica de la Universidad Nacional Aut\u00f3noma de M\u00e9xico (UNAM). HISTORIA La presencia del Instituto de Geof\u00edsica (IGEF-UNAM) en el Estado de Michoac\u00e1n se remontan al a\u00f1o de 1993, en donde se iniciaron, en colaboraci\u00f3n con personal de la Universidad Michoacana de San Nicol\u00e1s de Hidalgo (UMSNH), estudios geol\u00f3gicos, tect\u00f3nicos y volc\u00e1nicos. A principios de este siglo se decide construir el Observatorio de Centelleo Interplanetario (MEXART) en Coeneo, Michoac\u00e1n; cuyo objetivo es estudiar la propagaci\u00f3n de tormentas&hellip;<\/p>\n","category_list":"<a href=\"https:\/\/www.morelia.unam.mx\/campus\/category\/dependencias\/\" rel=\"category tag\">Dependencias<\/a>","author_info":{"name":"Erik Espinosa","url":"https:\/\/www.morelia.unam.mx\/campus\/author\/eespinosa\/"},"comments_num":"0 comments","featured_image_src":"https:\/\/www.morelia.unam.mx\/campus\/wp-content\/uploads\/igum-contenido.png","coauthors":[],"author_meta":{"author_link":"https:\/\/www.morelia.unam.mx\/campus\/author\/eespinosa\/","display_name":"Erik Espinosa"},"relative_dates":{"created":"Publicado 4 a\u00f1os hace","modified":"Actualizado 12 meses hace"},"absolute_dates":{"created":"Publicado el 21 abril, 2022","modified":"Actualizado el 24 abril, 2025"},"absolute_dates_time":{"created":"Publicado el 21 abril, 2022 3:58 pm","modified":"Actualizado el 24 abril, 2025 6:22 pm"},"featured_img_caption":"","featured_img":"https:\/\/www.morelia.unam.mx\/campus\/wp-content\/uploads\/igum-contenido.png","uagb_featured_image_src":{"full":["https:\/\/www.morelia.unam.mx\/campus\/wp-content\/uploads\/igum-contenido.png",258,96,false],"thumbnail":["https:\/\/www.morelia.unam.mx\/campus\/wp-content\/uploads\/igum-contenido-150x96.png",150,96,true],"medium":["https:\/\/www.morelia.unam.mx\/campus\/wp-content\/uploads\/igum-contenido.png",258,96,false],"medium_large":["https:\/\/www.morelia.unam.mx\/campus\/wp-content\/uploads\/igum-contenido.png",258,96,false],"large":["https:\/\/www.morelia.unam.mx\/campus\/wp-content\/uploads\/igum-contenido.png",258,96,false],"1536x1536":["https:\/\/www.morelia.unam.mx\/campus\/wp-content\/uploads\/igum-contenido.png",258,96,false],"2048x2048":["https:\/\/www.morelia.unam.mx\/campus\/wp-content\/uploads\/igum-contenido.png",258,96,false]},"uagb_author_info":{"display_name":"Erik Espinosa","author_link":"https:\/\/www.morelia.unam.mx\/campus\/author\/eespinosa\/"},"uagb_comment_info":0,"uagb_excerpt":"Instituto de Geof\u00edsica Unidad Morelia","_links":{"self":[{"href":"https:\/\/www.morelia.unam.mx\/campus\/wp-json\/wp\/v2\/pages\/395"}],"collection":[{"href":"https:\/\/www.morelia.unam.mx\/campus\/wp-json\/wp\/v2\/pages"}],"about":[{"href":"https:\/\/www.morelia.unam.mx\/campus\/wp-json\/wp\/v2\/types\/page"}],"author":[{"embeddable":true,"href":"https:\/\/www.morelia.unam.mx\/campus\/wp-json\/wp\/v2\/users\/2"}],"replies":[{"embeddable":true,"href":"https:\/\/www.morelia.unam.mx\/campus\/wp-json\/wp\/v2\/comments?post=395"}],"version-history":[{"count":20,"href":"https:\/\/www.morelia.unam.mx\/campus\/wp-json\/wp\/v2\/pages\/395\/revisions"}],"predecessor-version":[{"id":2162,"href":"https:\/\/www.morelia.unam.mx\/campus\/wp-json\/wp\/v2\/pages\/395\/revisions\/2162"}],"wp:featuredmedia":[{"embeddable":true,"href":"https:\/\/www.morelia.unam.mx\/campus\/wp-json\/wp\/v2\/media\/517"}],"wp:attachment":[{"href":"https:\/\/www.morelia.unam.mx\/campus\/wp-json\/wp\/v2\/media?parent=395"}],"wp:term":[{"taxonomy":"category","embeddable":true,"href":"https:\/\/www.morelia.unam.mx\/campus\/wp-json\/wp\/v2\/categories?post=395"},{"taxonomy":"post_tag","embeddable":true,"href":"https:\/\/www.morelia.unam.mx\/campus\/wp-json\/wp\/v2\/tags?post=395"}],"curies":[{"name":"wp","href":"https:\/\/api.w.org\/{rel}","templated":true}]}}