{"id":391,"date":"2022-04-21T14:14:03","date_gmt":"2022-04-21T19:14:03","guid":{"rendered":"http:\/\/132.247.196.158\/?page_id=391"},"modified":"2025-04-24T18:25:23","modified_gmt":"2025-04-25T00:25:23","slug":"iim","status":"publish","type":"page","link":"https:\/\/www.morelia.unam.mx\/campus\/iim\/","title":{"rendered":"IIM"},"content":{"rendered":"<div class='white' style='background:rgba(0,0,0,0); border:solid 1px rgba(0,0,0,0); border-radius:10px; padding:10px 0px 0px 0px;'>\n<div id='slider_864' class='owl-carousel sa_owl_theme owl-pagination-true autohide-arrows' data-slider-id='slider_864' style='visibility:hidden;'>\n<div id='slider_864_slide01' class='sa_hover_container sa_vert_center_wrap' style='padding:1% 5%; margin:0px 2%; background-color:rgb(243, 243, 243); min-height:90px; '><div class='sa_vert_center'><p style=\"text-align: center\"><a href=\"https:\/\/www.iies.unam.mx\"><img class=\"slider-dependencias wp-image-866 aligncenter\" src=\"https:\/\/www.morelia.unam.mx\/campus\/wp-content\/uploads\/lg-IIES.png\" alt=\"\" width=\"120\" height=\"84\" \/><\/a><\/p><\/div><\/div>\n<div id='slider_864_slide02' class='sa_hover_container sa_vert_center_wrap' style='padding:1% 5%; margin:0px 2%; background-color:rgb(243, 243, 243); min-height:90px; '><div class='sa_vert_center'><p><a href=\"https:\/\/www.irya.unam.mx\"><img class=\"slider-dependencias wp-image-867 aligncenter\" src=\"https:\/\/www.morelia.unam.mx\/campus\/wp-content\/uploads\/lg-IRyA.png\" alt=\"\" width=\"120\" height=\"84\" \/><\/a><\/p><\/div><\/div>\n<div id='slider_864_slide03' class='sa_hover_container sa_vert_center_wrap' style='padding:1% 5%; margin:0px 2%; background-color:rgb(243, 243, 243); min-height:90px; '><div class='sa_vert_center'><p><a href=\"https:\/\/www.matmor.unam.mx\"><img class=\"slider-dependencias wp-image-868 aligncenter\" src=\"https:\/\/www.morelia.unam.mx\/campus\/wp-content\/uploads\/lg-CCM.png\" alt=\"\" width=\"120\" height=\"84\" \/><\/a><\/p><\/div><\/div>\n<div id='slider_864_slide04' class='sa_hover_container sa_vert_center_wrap' style='padding:1% 5%; margin:0px 2%; background-color:rgb(243, 243, 243); min-height:90px; '><div class='sa_vert_center'><p><a href=\"https:\/\/www.ciga.unam.mx\/\"><img class=\"slider-dependencias aligncenter wp-image-869\" src=\"https:\/\/www.morelia.unam.mx\/campus\/wp-content\/uploads\/lg-CIGA.png\" alt=\"\" width=\"120\" height=\"84\" \/><\/a><\/p><\/div><\/div>\n<div id='slider_864_slide05' class='sa_hover_container sa_vert_center_wrap' style='padding:1% 5%; margin:0px 2%; background-color:rgb(243, 243, 243); min-height:90px; '><div class='sa_vert_center'><p><a href=\"https:\/\/igum.geofisica.unam.mx\/\"><img class=\"slider-dependencias aligncenter wp-image-870\" src=\"https:\/\/www.morelia.unam.mx\/campus\/wp-content\/uploads\/lg-IGUM.png\" alt=\"\" width=\"120\" height=\"84\" \/><\/a><\/p><\/div><\/div>\n<div id='slider_864_slide06' class='sa_hover_container sa_vert_center_wrap' style='padding:1% 5%; margin:0px 2%; background-color:rgb(243, 243, 243); min-height:90px; '><div class='sa_vert_center'><p><a href=\"https:\/\/www.iim.unam.mx\/unidadmorelia\"><img class=\"slider-dependencias aligncenter wp-image-871\" src=\"https:\/\/www.morelia.unam.mx\/campus\/wp-content\/uploads\/lg-IIM-M.png\" alt=\"\" width=\"120\" height=\"84\" \/><\/a><\/p><\/div><\/div>\n<div id='slider_864_slide07' class='sa_hover_container sa_vert_center_wrap' style='padding:1% 5%; margin:0px 2%; background-color:rgb(243, 243, 243); min-height:90px; '><div class='sa_vert_center'><p><a href=\"https:\/\/udir.humanidades.unam.mx\"><img class=\"slider-dependencias aligncenter wp-image-872\" src=\"https:\/\/www.morelia.unam.mx\/campus\/wp-content\/uploads\/lg-UDIR.png\" alt=\"\" width=\"120\" height=\"84\" \/><\/a><\/p><\/div><\/div>\n<div id='slider_864_slide08' class='sa_hover_container sa_vert_center_wrap' style='padding:1% 5%; margin:0px 2%; background-color:rgb(243, 243, 243); min-height:90px; '><div class='sa_vert_center'><p><a href=\"https:\/\/www.enesmorelia.unam.mx\"><img class=\"slider-dependencias aligncenter wp-image-873\" src=\"https:\/\/www.morelia.unam.mx\/campus\/wp-content\/uploads\/lg-ENES-M.png\" alt=\"\" width=\"120\" height=\"84\" \/><\/a><\/p><\/div><\/div>\n<div id='slider_864_slide09' class='sa_hover_container sa_vert_center_wrap' style='padding:1% 5%; margin:0px 2%; background-color:rgb(243, 243, 243); min-height:90px; '><div class='sa_vert_center'><p><a href=\"https:\/\/www.csam.unam.mx\"><img class=\"slider-dependencias aligncenter wp-image-875\" src=\"https:\/\/www.morelia.unam.mx\/campus\/wp-content\/uploads\/servicios-administrativos-200.png\" alt=\"\" width=\"120\" height=\"84\" \/><\/a><\/p><\/div><\/div>\n<\/div>\n<\/div>\n<script type='text\/javascript'>\n\tjQuery(document).ready(function() {\n\t\tjQuery('#slider_864').owlCarousel({\n\t\t\tresponsive:{\n\t\t\t\t0:{ items:1 },\n\t\t\t\t480:{ items:2 },\n\t\t\t\t768:{ items:3 },\n\t\t\t\t980:{ items:4 },\n\t\t\t\t1200:{ items:5 },\n\t\t\t\t1500:{ items:6 }\n\t\t\t},\n\t\t\tautoplay : true,\n\t\t\tautoplayTimeout : 8000,\n\t\t\tautoplayHoverPause : true,\n\t\t\tsmartSpeed : 500,\n\t\t\tfluidSpeed : 500,\n\t\t\tautoplaySpeed : 500,\n\t\t\tnavSpeed : 500,\n\t\t\tdotsSpeed : 500,\n\t\t\tloop : true,\n\t\t\tnav : true,\n\t\t\tnavText : ['Previous','Next'],\n\t\t\tdots : true,\n\t\t\tresponsiveRefreshRate : 200,\n\t\t\tslideBy : 1,\n\t\t\tmergeFit : true,\n\t\t\tautoHeight : true,\n\t\t\tmouseDrag : true,\n\t\t\ttouchDrag : true\n\t\t});\n\t\tjQuery('#slider_864').css('visibility', 'visible');\n\t\tvar mw_864 = jQuery('#slider_864');\n\t\tmw_864.on('mousewheel', '.owl-stage', function (e) {\n\t\t\tif (e.deltaY>0) {\n\t\t\t\tmw_864.trigger('next.owl');\n\t\t\t} else {\n\t\t\t\tmw_864.trigger('prev.owl');\n\t\t\t}\n\t\t\te.preventDefault();\n\t\t});\n\t\tvar owl_goto = jQuery('#slider_864');\n\t\tjQuery('.slider_864_goto1').click(function(event){\n\t\t\towl_goto.trigger('to.owl.carousel', 0);\n\t\t});\n\t\tjQuery('.slider_864_goto2').click(function(event){\n\t\t\towl_goto.trigger('to.owl.carousel', 1);\n\t\t});\n\t\tjQuery('.slider_864_goto3').click(function(event){\n\t\t\towl_goto.trigger('to.owl.carousel', 2);\n\t\t});\n\t\tjQuery('.slider_864_goto4').click(function(event){\n\t\t\towl_goto.trigger('to.owl.carousel', 3);\n\t\t});\n\t\tjQuery('.slider_864_goto5').click(function(event){\n\t\t\towl_goto.trigger('to.owl.carousel', 4);\n\t\t});\n\t\tjQuery('.slider_864_goto6').click(function(event){\n\t\t\towl_goto.trigger('to.owl.carousel', 5);\n\t\t});\n\t\tjQuery('.slider_864_goto7').click(function(event){\n\t\t\towl_goto.trigger('to.owl.carousel', 6);\n\t\t});\n\t\tjQuery('.slider_864_goto8').click(function(event){\n\t\t\towl_goto.trigger('to.owl.carousel', 7);\n\t\t});\n\t\tjQuery('.slider_864_goto9').click(function(event){\n\t\t\towl_goto.trigger('to.owl.carousel', 8);\n\t\t});\n\t\tvar resize_864 = jQuery('.owl-carousel');\n\t\tresize_864.on('initialized.owl.carousel', function(e) {\n\t\t\tif (typeof(Event) === 'function') {\n\t\t\t\twindow.dispatchEvent(new Event('resize'));\n\t\t\t} else {\n\t\t\t\tvar evt = window.document.createEvent('UIEvents');\n\t\t\t\tevt.initUIEvent('resize', true, false, window, 0);\n\t\t\t\twindow.dispatchEvent(evt);\n\t\t\t}\n\t\t});\n\t});\n<\/script>\n\n\n\n\n<div class=\"wp-block-stackable-heading page-title stk-block-heading stk--hide-desktop stk--hide-tablet stk-block stk-dd2ef4e\" id=\"instituto-de-investigaciones-en-materiales\" data-block-id=\"dd2ef4e\"><h1 class=\"stk-block-heading__text\">Instituto de Investigaciones en Materiales<\/h1><\/div>\n\n\n\n<div class=\"wp-block-kadence-rowlayout alignnone\"><div id=\"kt-layout-id_de5521-e3\" class=\"kt-row-layout-inner kt-layout-id_de5521-e3\"><div class=\"kt-row-column-wrap kt-has-1-columns kt-gutter-default kt-v-gutter-default kt-row-valign-top kt-row-layout-equal kt-tab-layout-inherit kt-m-colapse-left-to-right kt-mobile-layout-row\">\n<div class=\"wp-block-kadence-column inner-column-1 kadence-column_29c4da-c1\"><div class=\"kt-inside-inner-col\">\n<div class=\"wp-block-kadence-tabs alignnone layout-tabs\"><div class=\"kt-tabs-wrap kt-tabs-id_8f5d6d-44 kt-tabs-has-4-tabs kt-active-tab-1 kt-tabs-layout-tabs kt-tabs-tablet-layout-inherit kt-tabs-mobile-layout-accordion kt-tab-alignment-center kt-create-accordion\" style=\"max-width:none\"><ul class=\"kt-tabs-title-list\"><li id=\"tab-historiaylogros\" class=\"kt-title-item kt-title-item-1 kt-tabs-svg-show-always kt-tabs-icon-side-left kt-tab-title-active\"><a href=\"#tab-historiaylogros\" data-tab=\"1\" class=\"kt-tab-title kt-tab-title-1 \"><span class=\"kt-title-text\">Historia y Logros<\/span><\/a><\/li><li id=\"tab-ofertaacadmica\" class=\"kt-title-item kt-title-item-2 kt-tabs-svg-show-always kt-tabs-icon-side-left kt-tab-title-inactive\"><a href=\"#tab-ofertaacadmica\" data-tab=\"2\" class=\"kt-tab-title kt-tab-title-2 \"><span class=\"kt-title-text\">Oferta Acad\u00e9mica<\/span><\/a><\/li><li id=\"tab-investigacin\" class=\"kt-title-item kt-title-item-3 kt-tabs-svg-show-always kt-tabs-icon-side-left kt-tab-title-inactive\"><a href=\"#tab-investigacin\" data-tab=\"3\" class=\"kt-tab-title kt-tab-title-3 \"><span class=\"kt-title-text\">Investigaci\u00f3n<\/span><\/a><\/li><li id=\"tab-contacto\" class=\"kt-title-item kt-title-item-4 kt-tabs-svg-show-always kt-tabs-icon-side-left kt-tab-title-inactive\"><a href=\"#tab-contacto\" data-tab=\"4\" class=\"kt-tab-title kt-tab-title-4 \"><span class=\"kt-title-text\">Contacto<\/span><\/a><\/li><\/ul><div class=\"kt-tabs-content-wrap\">\n<div class=\"wp-block-kadence-tab kt-tab-inner-content kt-inner-tab-1 kt-inner-tab_bc81c0-c6\"><div class=\"kt-tab-inner-content-inner\">\n<div class=\"wp-block-media-text alignwide has-media-on-the-right is-stacked-on-mobile is-vertically-aligned-top\"><div class=\"wp-block-media-text__content\">\n<div class=\"wp-block-stackable-heading page-title stk-block-heading stk--hide-mobile stk-block stk-15f9c1c\" id=\"instituto-de-investigaciones-en-materiales\" data-block-id=\"15f9c1c\"><h1 class=\"stk-block-heading__text\">Instituto de Investigaciones en Materiales<\/h1><\/div>\n\n\n\n<p>El Instituto de Investigaciones en Materiales (<strong>IIM-UNAM<\/strong>), es una entidad acad\u00e9mica de la Universidad Nacional Aut\u00f3noma de M\u00e9xico (<strong>UNAM<\/strong>) que pertenece al Subsistema de la Investigaci\u00f3n Cient\u00edfica.<\/p>\n\n\n\n<p class=\"entry-title\" id=\"subseccion\"><strong>HISTORIA<\/strong><\/p>\n\n\n\n<p>Los or\u00edgenes del Instituto de Investigaci\u00f3n en Materiales se remontan a 1967, con el paso de los a\u00f1os IIM-UNAM ha tenido varios cambios en su organizaci\u00f3n acad\u00e9mica pero actualmente es de la siguiente forma:<\/p>\n\n\n\n<ul>\n<li>Materia Condensada y Criogenia.<\/li>\n\n\n\n<li>Materiales Met\u00e1licos y Cer\u00e1micos.<\/li>\n\n\n\n<li>Pol\u00edmeros.<\/li>\n\n\n\n<li>Reolog\u00eda y Mec\u00e1nica de Materiales.<\/li>\n<\/ul>\n\n\n\n<p>El IIM-UNAM es una de las principales instituciones en el pa\u00eds dedicadas a la investigaci\u00f3n de materiales y colabora con la industria y con otras instituciones acad\u00e9micas nacionales e internacionales mediante un gran n\u00famero de proyectos. Se trata, en su mayor\u00eda, de proyectos conjuntos en investigaci\u00f3n de frontera en las \u00e1reas de Cer\u00e1micos, Pol\u00edmeros Met\u00e1licos, Materiales Superconductores y Semiconductores.<\/p>\n\n\n\n<p>El IIM-UNAM ha participado en diversos proyectos de docencia: Apoy\u00f3 la maestr\u00eda de materiales del IPN y la Maestr\u00eda en F\u00edsica de Materiales de la UNAM, en 1975. As\u00ed mismo, particip\u00f3 en el programa de Maestr\u00eda y Doctorado en Ciencia de Materiales, en 1988, y en el Posgrado en Ciencia e Ingenier\u00eda de Materiales desde 1999.<\/p>\n\n\n\n<p>La formaci\u00f3n de Recursos Humanos ha sido siempre una de las prioridades del IIM-UNAM. Es relevante el n\u00famero de investigadores que iniciaron su carrera como estudiantes asociados al IIM-UNAM y que ahora forman parte de plantillas acad\u00e9micas de distintas dependencias dentro y fuera de la UNAM.<\/p>\n\n\n\n<p class=\"subseccion\"><strong>LOGROS<\/strong><\/p>\n\n\n\n<p>Desde sus inicios el IIM-UNAM ha tenido la vocaci\u00f3n de apoyar la creaci\u00f3n de centros afines en otras universidades, por ejemplo, la creaci\u00f3n del Instituto de Investigaciones Metal\u00fargicas de la Universidad Michoacana de San Nicol\u00e1s de Hidalgo y el Instituto de F\u00edsica de la Universidad Aut\u00f3noma de San Lu\u00eds Potos\u00ed, los cuales contaron con la participaci\u00f3n y gesti\u00f3n del personal del entonces Centro de Investigaci\u00f3n de materiales, en la d\u00e9cada de los 70. En 2004 el IIM estableci\u00f3 un n\u00facleo de investigaci\u00f3n en Morelia, Michoac\u00e1n, con la intenci\u00f3n de formar la Unidad de Investigaci\u00f3n en Materiales orientada a vincularse con la Industria Regional.<\/p>\n\n\n\n<p>El IIM-UNAM ha participado en diversos proyectos de docencia: Apoy\u00f3 la maestr\u00eda de materiales del IPN y la Maestr\u00eda en F\u00edsica de Materiales de la UNAM, en 1975. As\u00ed mismo, particip\u00f3 en el programa de Maestr\u00eda y Doctorado en Ciencia de Materiales, en 1988, y en el Posgrado en Ciencia e Ingenier\u00eda de Materiales desde 1999.<\/p>\n\n\n\n<p class=\"link-sitio-web\"><strong>SITIO WEB OFICIAL<\/strong><\/p>\n\n\n\n<p><a href=\"https:\/\/www.iim.unam.mx\/unidadmorelia\/\">https:\/\/www.iim.unam.mx\/unidadmorelia\/<\/a><\/p>\n<\/div><figure class=\"wp-block-media-text__media\"><img decoding=\"async\" loading=\"lazy\" width=\"425\" height=\"505\" src=\"https:\/\/www.morelia.unam.mx\/campus\/wp-content\/uploads\/iiem-principal.jpg\" alt=\"\" class=\"wp-image-749 size-full\"\/><\/figure><\/div>\n<\/div><\/div>\n\n\n\n<div class=\"wp-block-kadence-tab kt-tab-inner-content kt-inner-tab-2 kt-inner-tab_1cc7ba-1e\"><div class=\"kt-tab-inner-content-inner\">\n<div class=\"wp-block-kadence-rowlayout alignnone\"><div id=\"kt-layout-id_7f8424-e3\" class=\"kt-row-layout-inner kt-layout-id_7f8424-e3\"><div class=\"kt-row-column-wrap kt-has-2-columns kt-gutter-default kt-v-gutter-default kt-row-valign-top kt-row-layout-right-golden kt-tab-layout-inherit kt-m-colapse-left-to-right kt-mobile-layout-row  kt-custom-first-width-15  kt-custom-second-width-85\">\n<div class=\"wp-block-kadence-column inner-column-1 kadence-column_cedcac-54\"><div class=\"kt-inside-inner-col\"><div class=\"wp-block-image size-full\">\n<figure class=\"aligncenter\"><img decoding=\"async\" loading=\"lazy\" width=\"200\" height=\"140\" src=\"https:\/\/www.morelia.unam.mx\/campus\/wp-content\/uploads\/lg-IIM-M.png\" alt=\"\" class=\"wp-image-871\"\/><\/figure><\/div><\/div><\/div>\n\n\n\n<div class=\"wp-block-kadence-column inner-column-2 kadence-column_922398-bf\"><div class=\"kt-inside-inner-col\">\n<p class=\"subseccion has-text-color\" style=\"color:#295d8f\"><strong><span style=\"color: #000000;\" class=\"stk-highlight\">MAESTR\u00cdAS<\/span><\/strong><\/p>\n\n\n\n<p>Maestr\u00eda en Ciencia e Ingenier\u00eda de Materiales.<\/p>\n\n\n\n<hr class=\"wp-block-separator has-css-opacity\"\/>\n\n\n\n<p><strong><span style=\"color: #000000;\" class=\"stk-highlight\">DOCTORADOS<\/span><\/strong><\/p>\n\n\n\n<p>Doctorado en Ciencia e Ingenier\u00eda de Materiales.<\/p>\n<\/div><\/div>\n<\/div><\/div><\/div>\n<\/div><\/div>\n\n\n\n<div class=\"wp-block-kadence-tab kt-tab-inner-content kt-inner-tab-3 kt-inner-tab_7713d8-dc\"><div class=\"kt-tab-inner-content-inner\">\n<div class=\"wp-block-kadence-rowlayout alignnone\"><div id=\"kt-layout-id_133b99-9d\" class=\"kt-row-layout-inner kt-layout-id_133b99-9d\"><div class=\"kt-row-column-wrap kt-has-2-columns kt-gutter-default kt-v-gutter-default kt-row-valign-top kt-row-layout-right-golden kt-tab-layout-inherit kt-m-colapse-left-to-right kt-mobile-layout-row  kt-custom-first-width-15  kt-custom-second-width-85\">\n<div class=\"wp-block-kadence-column inner-column-1 kadence-column_8ce7c7-3b\"><div class=\"kt-inside-inner-col\"><div class=\"wp-block-image size-full\">\n<figure class=\"aligncenter\"><img decoding=\"async\" loading=\"lazy\" width=\"200\" height=\"140\" src=\"https:\/\/www.morelia.unam.mx\/campus\/wp-content\/uploads\/lg-IIM-M.png\" alt=\"\" class=\"wp-image-871\"\/><\/figure><\/div><\/div><\/div>\n\n\n\n<div class=\"wp-block-kadence-column inner-column-2 kadence-column_904b16-ca\"><div class=\"kt-inside-inner-col\">\n<p class=\"subseccion has-text-color\" style=\"color:#295d8f\"><strong>INVESTIGACI\u00d3N<\/strong><\/p>\n\n\n\n<p>IIM-UNAM realiza investigaci\u00f3n Cient\u00edfica y Tecnol\u00f3gica sobre Estructura, Propiedades, Procesos de Transformaci\u00f3n y Desempe\u00f1o de los Materiales.<\/p>\n\n\n\n<p>Los objetivos del Instituto son:<\/p>\n\n\n\n<ul>\n<li>Contribuir al estudio te\u00f3rico y experimental de los materiales.<\/li>\n\n\n\n<li>Generar nuevos materiales, procesos de transformaci\u00f3n y aplicaciones.<\/li>\n\n\n\n<li>Formar recursos humanos de excelencia en el \u00e1rea de ciencia e ingenier\u00eda de materiales.<\/li>\n\n\n\n<li>Contribuir a la aplicaci\u00f3n tecnol\u00f3gica de los materiales y propiciar la vinculaci\u00f3n con el sector Industrial.<\/li>\n\n\n\n<li>Prestar servicios de investigaci\u00f3n cient\u00edfica y tecnol\u00f3gica, adem\u00e1s de asistencia t\u00e9cnica en el \u00e1rea de Ciencia e Ingenier\u00eda de Materiales.<\/li>\n\n\n\n<li>Difundir ampliamente los estudios que se realizan as\u00ed como los resultados y productos que se obtengan.<\/li>\n<\/ul>\n\n\n\n<p>El IIM-UNAM ofrece un entorno \u00f3ptimo para realizar trabajos de Tesis de Licenciatura, Maestr\u00eda y Doctorado en las \u00e1reas relacionadas con las especialidades del Instituto.<\/p>\n\n\n\n<p>Las l\u00edneas de investigaci\u00f3n que se cultivan en la Unidad Morelia del IIM est\u00e1n enfocadas al estudio de materiales sustentables:<\/p>\n\n\n\n<ul>\n<li>para la captura de contaminantes.<\/li>\n\n\n\n<li>para la eficiencia energ\u00e9tica y espintr\u00f3nica.<\/li>\n\n\n\n<li>reciclables y biodegradables.<\/li>\n<\/ul>\n\n\n\n<p>Tambi\u00e9n se ofrecen Becas complementarias, parciales o totales para los mejores estudiantes en los distintos niveles educativos.<\/p>\n<\/div><\/div>\n<\/div><\/div><\/div>\n<\/div><\/div>\n\n\n\n<div class=\"wp-block-kadence-tab kt-tab-inner-content kt-inner-tab-4 kt-inner-tab_43e25f-95\"><div class=\"kt-tab-inner-content-inner\">\n<div class=\"wp-block-media-text alignwide is-stacked-on-mobile\"><figure class=\"wp-block-media-text__media\"><img decoding=\"async\" loading=\"lazy\" width=\"425\" height=\"505\" src=\"https:\/\/www.morelia.unam.mx\/campus\/wp-content\/uploads\/imm-contacto.jpg\" alt=\"\" class=\"wp-image-521 size-full\"\/><\/figure><div class=\"wp-block-media-text__content\">\n<p class=\"subseccion has-text-color\" style=\"color:#295d8f\"><strong>CONTACTO<\/strong><\/p>\n\n\n\n<p><strong>IIM &#8211; UNAM<\/strong><\/p>\n\n\n\n<p>Antigua Carretera a P\u00e1tzcuaro No. 8701<\/p>\n\n\n\n<p>Col. Ex Hacienda de San Jos\u00e9 de la Huerta<\/p>\n\n\n\n<p>C.P. 58190 Morelia, Michoac\u00e1n, M\u00e9xico<\/p>\n\n\n\n<hr class=\"wp-block-separator has-css-opacity\"\/>\n\n\n\n<p>Lic. Arely Avila Cruz<\/p>\n\n\n\n<p>Asistente de Jefatura<\/p>\n\n\n\n<hr class=\"wp-block-separator has-css-opacity\"\/>\n\n\n\n<p>Tel\u00e9fonos:<\/p>\n\n\n\n<p>Desde Morelia (443) 689-35-73<\/p>\n\n\n\n<p>Desde Ciudad de M\u00e9xico (55) 5623-7373<\/p>\n<\/div><\/div>\n<\/div><\/div>\n<\/div><\/div><\/div>\n<\/div><\/div>\n<\/div><\/div><\/div>\n<style class=\"advgb-styles-renderer\">#kt-layout-id_de5521-e3 > .kt-row-column-wrap{padding-top:0px;padding-bottom:0px;}@media all and (max-width: 1024px){.kadence-column_29c4da-c1 > .kt-inside-inner-col{display:block;}}@media all and (max-width: 767px){.kadence-column_29c4da-c1 > .kt-inside-inner-col{display:block;}}.kt-tabs-id_8f5d6d-44 > .kt-tabs-content-wrap > .wp-block-kadence-tab {border-width:1px 0px 0px 0px;min-height:510px;border-color:#eee;background:#fff;}.wp-block-kadence-tabs .kt-tabs-id_8f5d6d-44 > .kt-tabs-title-list li {margin:0px 4px 0px 4px;}.wp-block-kadence-tabs .kt-tabs-id_8f5d6d-44 > .kt-tabs-title-list li .kt-tab-title, .wp-block-kadence-tabs .kt-tabs-id_8f5d6d-44 > .kt-tabs-content-wrap > .kt-tabs-accordion-title .kt-tab-title {font-size:15px;line-height:35px;font-family:Open Sans;font-weight:700;border-width:0px 0px 5px 0px ;border-radius:0px 0px 0px 0px ;padding:10px 20px 10px 20px ;border-color:#fff;color:#575757;background:#e0e8ef;}.wp-block-kadence-tabs .kt-tabs-id_8f5d6d-44 > .kt-tabs-title-list li .kt-tab-title:hover, .wp-block-kadence-tabs .kt-tabs-id_8f5d6d-44 > .kt-tabs-content-wrap > .kt-tabs-accordion-title .kt-tab-title:hover {border-color:#eee;color:#444;background:#fff;}.wp-block-kadence-tabs .kt-tabs-id_8f5d6d-44 > .kt-tabs-title-list li.kt-tab-title-active .kt-tab-title, .wp-block-kadence-tabs .kt-tabs-id_8f5d6d-44 > .kt-tabs-content-wrap > .kt-tabs-accordion-title.kt-tab-title-active .kt-tab-title  {border-color:#00b5e2;color:#00b5e2;background:#fff;}@media all and (min-width: 768px){#kt-layout-id_7f8424-e3 > .kt-row-column-wrap > .inner-column-1{flex:0 1 15%;-webkit-flex:0 1 15%;}#kt-layout-id_7f8424-e3 > .kt-row-column-wrap > .inner-column-2{flex:0 1 85%;-webkit-flex:0 1 85%;}}@media all and (min-width: 768px){#kt-layout-id_133b99-9d > .kt-row-column-wrap > .inner-column-1{flex:0 1 15%;-webkit-flex:0 1 15%;}#kt-layout-id_133b99-9d > .kt-row-column-wrap > .inner-column-2{flex:0 1 85%;-webkit-flex:0 1 85%;}}<\/style>","protected":false},"excerpt":{"rendered":"<p>Instituto de Investigaciones en Materiales<\/p>\n","protected":false},"author":2,"featured_media":520,"parent":0,"menu_order":6,"comment_status":"closed","ping_status":"closed","template":"page-template-ancho-fijo.php","meta":{"advgb_blocks_editor_width":"","advgb_blocks_columns_visual_guide":"","_coblocks_attr":"","_coblocks_dimensions":"","_coblocks_responsive_height":"","_coblocks_accordion_ie_support":"","inline_featured_image":false,"ub_ctt_via":""},"categories":[15],"tags":[],"featured_image_urls":{"full":["https:\/\/www.morelia.unam.mx\/campus\/wp-content\/uploads\/IIM-contenido.png",258,96,false],"thumbnail":["https:\/\/www.morelia.unam.mx\/campus\/wp-content\/uploads\/IIM-contenido-150x96.png",150,96,true],"medium":["https:\/\/www.morelia.unam.mx\/campus\/wp-content\/uploads\/IIM-contenido.png",258,96,false],"medium_large":["https:\/\/www.morelia.unam.mx\/campus\/wp-content\/uploads\/IIM-contenido.png",258,96,false],"large":["https:\/\/www.morelia.unam.mx\/campus\/wp-content\/uploads\/IIM-contenido.png",258,96,false],"1536x1536":["https:\/\/www.morelia.unam.mx\/campus\/wp-content\/uploads\/IIM-contenido.png",258,96,false],"2048x2048":["https:\/\/www.morelia.unam.mx\/campus\/wp-content\/uploads\/IIM-contenido.png",258,96,false]},"post_excerpt_stackable":"<p>Instituto de Investigaciones en Materiales Historia y LogrosOferta Acad\u00e9micaInvestigaci\u00f3nContacto Instituto de Investigaciones en Materiales El Instituto de Investigaciones en Materiales (IIM-UNAM), es una entidad acad\u00e9mica de la Universidad Nacional Aut\u00f3noma de M\u00e9xico (UNAM) que pertenece al Subsistema de la Investigaci\u00f3n Cient\u00edfica. HISTORIA Los or\u00edgenes del Instituto de Investigaci\u00f3n en Materiales se remontan a 1967, con el paso de los a\u00f1os IIM-UNAM ha tenido varios cambios en su organizaci\u00f3n acad\u00e9mica pero actualmente es de la siguiente forma: Materia Condensada y Criogenia. Materiales Met\u00e1licos y Cer\u00e1micos. Pol\u00edmeros. Reolog\u00eda y Mec\u00e1nica de Materiales. El IIM-UNAM es una de las principales instituciones en el&hellip;<\/p>\n","category_list":"<a href=\"https:\/\/www.morelia.unam.mx\/campus\/category\/dependencias\/\" rel=\"category tag\">Dependencias<\/a>","author_info":{"name":"Erik Espinosa","url":"https:\/\/www.morelia.unam.mx\/campus\/author\/eespinosa\/"},"comments_num":"0 comments","featured_image_src":"https:\/\/www.morelia.unam.mx\/campus\/wp-content\/uploads\/IIM-contenido.png","coauthors":[],"author_meta":{"author_link":"https:\/\/www.morelia.unam.mx\/campus\/author\/eespinosa\/","display_name":"Erik Espinosa"},"relative_dates":{"created":"Publicado 4 a\u00f1os hace","modified":"Actualizado 12 meses hace"},"absolute_dates":{"created":"Publicado el 21 abril, 2022","modified":"Actualizado el 24 abril, 2025"},"absolute_dates_time":{"created":"Publicado el 21 abril, 2022 2:14 pm","modified":"Actualizado el 24 abril, 2025 6:25 pm"},"featured_img_caption":"","featured_img":"https:\/\/www.morelia.unam.mx\/campus\/wp-content\/uploads\/IIM-contenido.png","uagb_featured_image_src":{"full":["https:\/\/www.morelia.unam.mx\/campus\/wp-content\/uploads\/IIM-contenido.png",258,96,false],"thumbnail":["https:\/\/www.morelia.unam.mx\/campus\/wp-content\/uploads\/IIM-contenido-150x96.png",150,96,true],"medium":["https:\/\/www.morelia.unam.mx\/campus\/wp-content\/uploads\/IIM-contenido.png",258,96,false],"medium_large":["https:\/\/www.morelia.unam.mx\/campus\/wp-content\/uploads\/IIM-contenido.png",258,96,false],"large":["https:\/\/www.morelia.unam.mx\/campus\/wp-content\/uploads\/IIM-contenido.png",258,96,false],"1536x1536":["https:\/\/www.morelia.unam.mx\/campus\/wp-content\/uploads\/IIM-contenido.png",258,96,false],"2048x2048":["https:\/\/www.morelia.unam.mx\/campus\/wp-content\/uploads\/IIM-contenido.png",258,96,false]},"uagb_author_info":{"display_name":"Erik Espinosa","author_link":"https:\/\/www.morelia.unam.mx\/campus\/author\/eespinosa\/"},"uagb_comment_info":0,"uagb_excerpt":"Instituto de Investigaciones en Materiales","_links":{"self":[{"href":"https:\/\/www.morelia.unam.mx\/campus\/wp-json\/wp\/v2\/pages\/391"}],"collection":[{"href":"https:\/\/www.morelia.unam.mx\/campus\/wp-json\/wp\/v2\/pages"}],"about":[{"href":"https:\/\/www.morelia.unam.mx\/campus\/wp-json\/wp\/v2\/types\/page"}],"author":[{"embeddable":true,"href":"https:\/\/www.morelia.unam.mx\/campus\/wp-json\/wp\/v2\/users\/2"}],"replies":[{"embeddable":true,"href":"https:\/\/www.morelia.unam.mx\/campus\/wp-json\/wp\/v2\/comments?post=391"}],"version-history":[{"count":21,"href":"https:\/\/www.morelia.unam.mx\/campus\/wp-json\/wp\/v2\/pages\/391\/revisions"}],"predecessor-version":[{"id":2167,"href":"https:\/\/www.morelia.unam.mx\/campus\/wp-json\/wp\/v2\/pages\/391\/revisions\/2167"}],"wp:featuredmedia":[{"embeddable":true,"href":"https:\/\/www.morelia.unam.mx\/campus\/wp-json\/wp\/v2\/media\/520"}],"wp:attachment":[{"href":"https:\/\/www.morelia.unam.mx\/campus\/wp-json\/wp\/v2\/media?parent=391"}],"wp:term":[{"taxonomy":"category","embeddable":true,"href":"https:\/\/www.morelia.unam.mx\/campus\/wp-json\/wp\/v2\/categories?post=391"},{"taxonomy":"post_tag","embeddable":true,"href":"https:\/\/www.morelia.unam.mx\/campus\/wp-json\/wp\/v2\/tags?post=391"}],"curies":[{"name":"wp","href":"https:\/\/api.w.org\/{rel}","templated":true}]}}