{"id":371,"date":"2022-04-21T13:17:43","date_gmt":"2022-04-21T18:17:43","guid":{"rendered":"http:\/\/132.247.196.158\/?page_id=371"},"modified":"2025-04-24T18:14:08","modified_gmt":"2025-04-25T00:14:08","slug":"irya","status":"publish","type":"page","link":"https:\/\/www.morelia.unam.mx\/campus\/irya\/","title":{"rendered":"IRyA"},"content":{"rendered":"<div class='white' style='background:rgba(0,0,0,0); border:solid 1px rgba(0,0,0,0); border-radius:10px; padding:10px 0px 0px 0px;'>\n<div id='slider_864' class='owl-carousel sa_owl_theme owl-pagination-true autohide-arrows' data-slider-id='slider_864' style='visibility:hidden;'>\n<div id='slider_864_slide01' class='sa_hover_container sa_vert_center_wrap' style='padding:1% 5%; margin:0px 2%; background-color:rgb(243, 243, 243); min-height:90px; '><div class='sa_vert_center'><p style=\"text-align: center\"><a href=\"https:\/\/www.iies.unam.mx\"><img class=\"slider-dependencias wp-image-866 aligncenter\" src=\"https:\/\/www.morelia.unam.mx\/campus\/wp-content\/uploads\/lg-IIES.png\" alt=\"\" width=\"120\" height=\"84\" \/><\/a><\/p><\/div><\/div>\n<div id='slider_864_slide02' class='sa_hover_container sa_vert_center_wrap' style='padding:1% 5%; margin:0px 2%; background-color:rgb(243, 243, 243); min-height:90px; '><div class='sa_vert_center'><p><a href=\"https:\/\/www.irya.unam.mx\"><img class=\"slider-dependencias wp-image-867 aligncenter\" src=\"https:\/\/www.morelia.unam.mx\/campus\/wp-content\/uploads\/lg-IRyA.png\" alt=\"\" width=\"120\" height=\"84\" \/><\/a><\/p><\/div><\/div>\n<div id='slider_864_slide03' class='sa_hover_container sa_vert_center_wrap' style='padding:1% 5%; margin:0px 2%; background-color:rgb(243, 243, 243); min-height:90px; '><div class='sa_vert_center'><p><a href=\"https:\/\/www.matmor.unam.mx\"><img class=\"slider-dependencias wp-image-868 aligncenter\" src=\"https:\/\/www.morelia.unam.mx\/campus\/wp-content\/uploads\/lg-CCM.png\" alt=\"\" width=\"120\" height=\"84\" \/><\/a><\/p><\/div><\/div>\n<div id='slider_864_slide04' class='sa_hover_container sa_vert_center_wrap' style='padding:1% 5%; margin:0px 2%; background-color:rgb(243, 243, 243); min-height:90px; '><div class='sa_vert_center'><p><a href=\"https:\/\/www.ciga.unam.mx\/\"><img class=\"slider-dependencias aligncenter wp-image-869\" src=\"https:\/\/www.morelia.unam.mx\/campus\/wp-content\/uploads\/lg-CIGA.png\" alt=\"\" width=\"120\" height=\"84\" \/><\/a><\/p><\/div><\/div>\n<div id='slider_864_slide05' class='sa_hover_container sa_vert_center_wrap' style='padding:1% 5%; margin:0px 2%; background-color:rgb(243, 243, 243); min-height:90px; '><div class='sa_vert_center'><p><a href=\"https:\/\/igum.geofisica.unam.mx\/\"><img class=\"slider-dependencias aligncenter wp-image-870\" src=\"https:\/\/www.morelia.unam.mx\/campus\/wp-content\/uploads\/lg-IGUM.png\" alt=\"\" width=\"120\" height=\"84\" \/><\/a><\/p><\/div><\/div>\n<div id='slider_864_slide06' class='sa_hover_container sa_vert_center_wrap' style='padding:1% 5%; margin:0px 2%; background-color:rgb(243, 243, 243); min-height:90px; '><div class='sa_vert_center'><p><a href=\"https:\/\/www.iim.unam.mx\/unidadmorelia\"><img class=\"slider-dependencias aligncenter wp-image-871\" src=\"https:\/\/www.morelia.unam.mx\/campus\/wp-content\/uploads\/lg-IIM-M.png\" alt=\"\" width=\"120\" height=\"84\" \/><\/a><\/p><\/div><\/div>\n<div id='slider_864_slide07' class='sa_hover_container sa_vert_center_wrap' style='padding:1% 5%; margin:0px 2%; background-color:rgb(243, 243, 243); min-height:90px; '><div class='sa_vert_center'><p><a href=\"https:\/\/udir.humanidades.unam.mx\"><img class=\"slider-dependencias aligncenter wp-image-872\" src=\"https:\/\/www.morelia.unam.mx\/campus\/wp-content\/uploads\/lg-UDIR.png\" alt=\"\" width=\"120\" height=\"84\" \/><\/a><\/p><\/div><\/div>\n<div id='slider_864_slide08' class='sa_hover_container sa_vert_center_wrap' style='padding:1% 5%; margin:0px 2%; background-color:rgb(243, 243, 243); min-height:90px; '><div class='sa_vert_center'><p><a href=\"https:\/\/www.enesmorelia.unam.mx\"><img class=\"slider-dependencias aligncenter wp-image-873\" src=\"https:\/\/www.morelia.unam.mx\/campus\/wp-content\/uploads\/lg-ENES-M.png\" alt=\"\" width=\"120\" height=\"84\" \/><\/a><\/p><\/div><\/div>\n<div id='slider_864_slide09' class='sa_hover_container sa_vert_center_wrap' style='padding:1% 5%; margin:0px 2%; background-color:rgb(243, 243, 243); min-height:90px; '><div class='sa_vert_center'><p><a href=\"https:\/\/www.csam.unam.mx\"><img class=\"slider-dependencias aligncenter wp-image-875\" src=\"https:\/\/www.morelia.unam.mx\/campus\/wp-content\/uploads\/servicios-administrativos-200.png\" alt=\"\" width=\"120\" height=\"84\" \/><\/a><\/p><\/div><\/div>\n<\/div>\n<\/div>\n<script type='text\/javascript'>\n\tjQuery(document).ready(function() {\n\t\tjQuery('#slider_864').owlCarousel({\n\t\t\tresponsive:{\n\t\t\t\t0:{ items:1 },\n\t\t\t\t480:{ items:2 },\n\t\t\t\t768:{ items:3 },\n\t\t\t\t980:{ items:4 },\n\t\t\t\t1200:{ items:5 },\n\t\t\t\t1500:{ items:6 }\n\t\t\t},\n\t\t\tautoplay : true,\n\t\t\tautoplayTimeout : 8000,\n\t\t\tautoplayHoverPause : true,\n\t\t\tsmartSpeed : 500,\n\t\t\tfluidSpeed : 500,\n\t\t\tautoplaySpeed : 500,\n\t\t\tnavSpeed : 500,\n\t\t\tdotsSpeed : 500,\n\t\t\tloop : true,\n\t\t\tnav : true,\n\t\t\tnavText : ['Previous','Next'],\n\t\t\tdots : true,\n\t\t\tresponsiveRefreshRate : 200,\n\t\t\tslideBy : 1,\n\t\t\tmergeFit : true,\n\t\t\tautoHeight : true,\n\t\t\tmouseDrag : true,\n\t\t\ttouchDrag : true\n\t\t});\n\t\tjQuery('#slider_864').css('visibility', 'visible');\n\t\tvar mw_864 = jQuery('#slider_864');\n\t\tmw_864.on('mousewheel', '.owl-stage', function (e) {\n\t\t\tif (e.deltaY>0) {\n\t\t\t\tmw_864.trigger('next.owl');\n\t\t\t} else {\n\t\t\t\tmw_864.trigger('prev.owl');\n\t\t\t}\n\t\t\te.preventDefault();\n\t\t});\n\t\tvar owl_goto = jQuery('#slider_864');\n\t\tjQuery('.slider_864_goto1').click(function(event){\n\t\t\towl_goto.trigger('to.owl.carousel', 0);\n\t\t});\n\t\tjQuery('.slider_864_goto2').click(function(event){\n\t\t\towl_goto.trigger('to.owl.carousel', 1);\n\t\t});\n\t\tjQuery('.slider_864_goto3').click(function(event){\n\t\t\towl_goto.trigger('to.owl.carousel', 2);\n\t\t});\n\t\tjQuery('.slider_864_goto4').click(function(event){\n\t\t\towl_goto.trigger('to.owl.carousel', 3);\n\t\t});\n\t\tjQuery('.slider_864_goto5').click(function(event){\n\t\t\towl_goto.trigger('to.owl.carousel', 4);\n\t\t});\n\t\tjQuery('.slider_864_goto6').click(function(event){\n\t\t\towl_goto.trigger('to.owl.carousel', 5);\n\t\t});\n\t\tjQuery('.slider_864_goto7').click(function(event){\n\t\t\towl_goto.trigger('to.owl.carousel', 6);\n\t\t});\n\t\tjQuery('.slider_864_goto8').click(function(event){\n\t\t\towl_goto.trigger('to.owl.carousel', 7);\n\t\t});\n\t\tjQuery('.slider_864_goto9').click(function(event){\n\t\t\towl_goto.trigger('to.owl.carousel', 8);\n\t\t});\n\t\tvar resize_864 = jQuery('.owl-carousel');\n\t\tresize_864.on('initialized.owl.carousel', function(e) {\n\t\t\tif (typeof(Event) === 'function') {\n\t\t\t\twindow.dispatchEvent(new Event('resize'));\n\t\t\t} else {\n\t\t\t\tvar evt = window.document.createEvent('UIEvents');\n\t\t\t\tevt.initUIEvent('resize', true, false, window, 0);\n\t\t\t\twindow.dispatchEvent(evt);\n\t\t\t}\n\t\t});\n\t});\n<\/script>\n\n\n\n\n<div class=\"wp-block-stackable-heading page-title stk-block-heading stk--hide-desktop stk--hide-tablet stk-block stk-07b92ae\" id=\"instituto-de-radioastronomia-y-astrofisica\" data-block-id=\"07b92ae\"><h1 class=\"stk-block-heading__text\">Instituto de Radioastronom\u00eda y Astrof\u00edsica<\/h1><\/div>\n\n\n\n<div class=\"wp-block-kadence-rowlayout alignnone\"><div id=\"kt-layout-id_de5521-e3\" class=\"kt-row-layout-inner kt-layout-id_de5521-e3\"><div class=\"kt-row-column-wrap kt-has-1-columns kt-gutter-default kt-v-gutter-default kt-row-valign-top kt-row-layout-equal kt-tab-layout-inherit kt-m-colapse-left-to-right kt-mobile-layout-row\">\n<div class=\"wp-block-kadence-column inner-column-1 kadence-column_29c4da-c1\"><div class=\"kt-inside-inner-col\">\n<div class=\"wp-block-kadence-tabs alignnone layout-tabs\"><div class=\"kt-tabs-wrap kt-tabs-id_8f5d6d-44 kt-tabs-has-4-tabs kt-active-tab-1 kt-tabs-layout-tabs kt-tabs-tablet-layout-inherit kt-tabs-mobile-layout-accordion kt-tab-alignment-center kt-create-accordion\" style=\"max-width:none\"><ul class=\"kt-tabs-title-list\"><li id=\"tab-historiaylogros\" class=\"kt-title-item kt-title-item-1 kt-tabs-svg-show-always kt-tabs-icon-side-left kt-tab-title-active\"><a href=\"#tab-historiaylogros\" data-tab=\"1\" class=\"kt-tab-title kt-tab-title-1 \"><span class=\"kt-title-text\">Historia y Logros<\/span><\/a><\/li><li id=\"tab-ofertaacadmica\" class=\"kt-title-item kt-title-item-2 kt-tabs-svg-show-always kt-tabs-icon-side-left kt-tab-title-inactive\"><a href=\"#tab-ofertaacadmica\" data-tab=\"2\" class=\"kt-tab-title kt-tab-title-2 \"><span class=\"kt-title-text\">Oferta Acad\u00e9mica<\/span><\/a><\/li><li id=\"tab-investigacin\" class=\"kt-title-item kt-title-item-3 kt-tabs-svg-show-always kt-tabs-icon-side-left kt-tab-title-inactive\"><a href=\"#tab-investigacin\" data-tab=\"3\" class=\"kt-tab-title kt-tab-title-3 \"><span class=\"kt-title-text\">Investigaci\u00f3n<\/span><\/a><\/li><li id=\"tab-contacto\" class=\"kt-title-item kt-title-item-4 kt-tabs-svg-show-always kt-tabs-icon-side-left kt-tab-title-inactive\"><a href=\"#tab-contacto\" data-tab=\"4\" class=\"kt-tab-title kt-tab-title-4 \"><span class=\"kt-title-text\">Contacto<\/span><\/a><\/li><\/ul><div class=\"kt-tabs-content-wrap\">\n<div class=\"wp-block-kadence-tab kt-tab-inner-content kt-inner-tab-1 kt-inner-tab_bc81c0-c6\"><div class=\"kt-tab-inner-content-inner\">\n<div class=\"wp-block-media-text alignwide has-media-on-the-right is-stacked-on-mobile is-vertically-aligned-top\"><div class=\"wp-block-media-text__content\">\n<div class=\"wp-block-stackable-heading page-title stk-block-heading stk--hide-mobile stk-block stk-32a0dbf\" id=\"instituto-de-radioastronomia-y-astrofisica\" data-block-id=\"32a0dbf\"><h1 class=\"stk-block-heading__text\">Instituto de Radioastronom\u00eda y Astrof\u00edsica<\/h1><\/div>\n\n\n\n<p>El Instituto de Radioastronom\u00eda y Astrof\u00edsica, (<strong>IRyA-UNAM<\/strong>), es una Dependencia Acad\u00e9mica de la Universidad Nacional Aut\u00f3noma de M\u00e9xico (<strong>UNAM<\/strong>).<\/p>\n\n\n\n<p class=\"subseccion\"><strong>HISTORIA<\/strong><\/p>\n\n\n\n<p>En 1995 un peque\u00f1o grupo de investigadores del Instituto de Astronom\u00eda de la UNAM se&nbsp; desplaz\u00f3 a la ciudad de Morelia como una Unidad For\u00e1nea de dicho Instituto. La Unidad se&nbsp; ubic\u00f3 durante el primer a\u00f1o en un espacio proporcionado por la UMSNH, para luego&nbsp; trasladarse a una casa particular que se rent\u00f3 y adapt\u00f3 como recinto acad\u00e9mico. En el a\u00f1o&nbsp; 2000 la Unidad se instal\u00f3 en un edificio construido en los terrenos del Campus de la UNAM&nbsp; en Morelia. En el a\u00f1o 2003 la Unidad se transform\u00f3 en el Centro de Radioastronom\u00eda y&nbsp; Astrof\u00edsica (CRyA). Desde la creaci\u00f3n del CRyA sus investigadores destacaron en su&nbsp; trabajo de investigaci\u00f3n, en la formaci\u00f3n de recursos humanos de alto nivel y en la&nbsp; divulgaci\u00f3n de la astronom\u00eda, sobre todo en el Estado de Michoac\u00e1n. Como resultado de&nbsp; su consolidaci\u00f3n y reconocimiento internacional, el CRyA se transform\u00f3 en el Instituto de&nbsp; Radioastronom\u00eda y Astrof\u00edsica (IRyA-UNAM) en la sesi\u00f3n del Consejo Universitario del 1 de julio&nbsp; de 2015.<\/p>\n\n\n\n<p class=\"subseccion\"><strong>LOGROS<\/strong><\/p>\n\n\n\n<p>En el a\u00f1o 2010 se report\u00f3 en la revista Science la primera evidencia de polarizaci\u00f3n en&nbsp; observaciones de radio de un chorro proveniente de una protoestrella masiva. Este&nbsp; resultado implica la presencia de emisi\u00f3n sincrotr\u00f3n en estos chorros, lo cual da informaci\u00f3n&nbsp; sobre la intensidad y la geometr\u00eda del campo magn\u00e9tico y sobre la presencia de electrones&nbsp; relativistas.&nbsp;<\/p>\n\n\n\n<p>Se particip\u00f3 en el consorcio Telescopio de Horizontes de Eventos (EHT por sus siglas en&nbsp; ingl\u00e9s). Durante el a\u00f1o 2019 se obtuvo la primera imagen de un agujero negro con una&nbsp; resoluci\u00f3n espacial comparable con su radio de Schwarzschild. La imagen muestra un anillo&nbsp; circular brillante que rodea un \u00e1rea m\u00e1s oscura interpretada como la sombre proyectada&nbsp; por el agujero negro. Este resultado est\u00e1 en perfecto acuerdo con la predicci\u00f3n de la&nbsp; relatividad general para un agujero negro en rotaci\u00f3n.<\/p>\n\n\n\n<p>En el \u00e1rea de Divulgaci\u00f3n de la Ciencia, se logr\u00f3 una migraci\u00f3n muy exitosa de las&nbsp; actividades del IRyA-UNAM a las redes sociales y otras plataformas virtuales. Durante 2020 se&nbsp; alcanz\u00f3 a atender m\u00e1s de 295,000 personas, destacando la transmisi\u00f3n en vivo de la conjunci\u00f3n de los planetas J\u00fapiter y Saturno, que lleg\u00f3 a una audiencia de casi 250,000&nbsp; personas en todo el continente de las Am\u00e9ricas.<\/p>\n\n\n\n<p class=\"link-sitio-web\"><strong>SITIO WEB OFICIAL<\/strong><\/p>\n\n\n\n<p><a href=\"https:\/\/www.irya.unam.mx\/web\/en\/\">https:\/\/www.irya.unam.mx\/web\/en\/<\/a><\/p>\n<\/div><figure class=\"wp-block-media-text__media\"><img decoding=\"async\" loading=\"lazy\" width=\"425\" height=\"505\" src=\"https:\/\/www.morelia.unam.mx\/campus\/wp-content\/uploads\/IRyA-principal.jpg\" alt=\"\" class=\"wp-image-751 size-full\"\/><\/figure><\/div>\n<\/div><\/div>\n\n\n\n<div class=\"wp-block-kadence-tab kt-tab-inner-content kt-inner-tab-2 kt-inner-tab_1cc7ba-1e\"><div class=\"kt-tab-inner-content-inner\">\n<div class=\"wp-block-kadence-rowlayout alignnone\"><div id=\"kt-layout-id_7f8424-e3\" class=\"kt-row-layout-inner kt-layout-id_7f8424-e3\"><div class=\"kt-row-column-wrap kt-has-2-columns kt-gutter-default kt-v-gutter-default kt-row-valign-top kt-row-layout-right-golden kt-tab-layout-inherit kt-m-colapse-left-to-right kt-mobile-layout-row  kt-custom-first-width-20  kt-custom-second-width-80\">\n<div class=\"wp-block-kadence-column inner-column-1 kadence-column_cedcac-54\"><div class=\"kt-inside-inner-col\">\n<figure class=\"wp-block-image size-full\"><img decoding=\"async\" loading=\"lazy\" width=\"200\" height=\"140\" src=\"https:\/\/www.morelia.unam.mx\/campus\/wp-content\/uploads\/lg-IRyA.png\" alt=\"\" class=\"wp-image-867\"\/><\/figure>\n<\/div><\/div>\n\n\n\n<div class=\"wp-block-kadence-column inner-column-2 kadence-column_922398-bf\"><div class=\"kt-inside-inner-col\">\n<p class=\"subseccion has-text-color\" style=\"color:#295d8f\"><strong>OFERTA ACADEMICA<\/strong><\/p>\n\n\n\n<p><strong>MAESTR\u00cdAS<\/strong><\/p>\n\n\n\n<ul>\n<li><strong>Maestr\u00eda en Ciencias (Astrof\u00edsica) <\/strong>| IRyA<strong> <\/strong><a href=\"https:\/\/posgrado.irya.unam.mx\/web\/master-degree\/#\"><strong>(Link)<\/strong><\/a><\/li>\n<\/ul>\n\n\n\n<p><strong>DOCTORADOS<\/strong><\/p>\n\n\n\n<ul>\n<li><strong>Doctorado en Ciencias (Astrof\u00edsica) <\/strong>| IRyA<strong> <\/strong><a href=\"https:\/\/posgrado.irya.unam.mx\/web\/doctoral-degree\/#\"><strong>(Link)<\/strong><\/a><\/li>\n<\/ul>\n<\/div><\/div>\n<\/div><\/div><\/div>\n<\/div><\/div>\n\n\n\n<div class=\"wp-block-kadence-tab kt-tab-inner-content kt-inner-tab-3 kt-inner-tab_7713d8-dc\"><div class=\"kt-tab-inner-content-inner\">\n<div class=\"wp-block-kadence-rowlayout alignnone\"><div id=\"kt-layout-id_e5a5f9-90\" class=\"kt-row-layout-inner kt-layout-id_e5a5f9-90\"><div class=\"kt-row-column-wrap kt-has-2-columns kt-gutter-default kt-v-gutter-default kt-row-valign-top kt-row-layout-right-golden kt-tab-layout-inherit kt-m-colapse-left-to-right kt-mobile-layout-row  kt-custom-first-width-20  kt-custom-second-width-80\">\n<div class=\"wp-block-kadence-column inner-column-1 kadence-column_981972-e4\"><div class=\"kt-inside-inner-col\"><div class=\"wp-block-image size-full\">\n<figure class=\"aligncenter\"><img decoding=\"async\" loading=\"lazy\" width=\"200\" height=\"140\" src=\"https:\/\/www.morelia.unam.mx\/campus\/wp-content\/uploads\/lg-IRyA.png\" alt=\"\" class=\"wp-image-867\"\/><\/figure><\/div><\/div><\/div>\n\n\n\n<div class=\"wp-block-kadence-column inner-column-2 kadence-column_217112-2e\"><div class=\"kt-inside-inner-col\">\n<p class=\"subseccion has-text-color\" style=\"color:#295d8f\"><strong>INVESTIGACI\u00d3N<\/strong><\/p>\n\n\n\n<ul>\n<li><strong>Investigaci\u00f3n sobre formaci\u00f3n de Estrellas y Sistemas Planetarios<\/strong><\/li>\n<\/ul>\n\n\n\n<p>Para m\u00e1s informaci\u00f3n consulta: <a href=\"https:\/\/www.irya.unam.mx\/web\/es\/investigacion\/lineas\/formacion-de-estrellas-y-discos-protoplanetarios\" target=\"_blank\" rel=\"noreferrer noopener\">https:\/\/www.irya.unam.mx\/web\/es\/investigacion\/lineas\/formacion-de-estrellas-y-discos-protoplanetarios<\/a><\/p>\n\n\n\n<ul>\n<li><strong>Investigaci\u00f3n sobre Estrellas Evolucionadas<\/strong><\/li>\n<\/ul>\n\n\n\n<p>Para m\u00e1s informaci\u00f3n consulta: <a href=\"https:\/\/www.irya.unam.mx\/web\/es\/investigacion\/lineas\/estrellas-evolucionadas\" target=\"_blank\" rel=\"noreferrer noopener\">https:\/\/www.irya.unam.mx\/web\/es\/investigacion\/lineas\/estrellas-evolucionadas<\/a><\/p>\n\n\n\n<ul>\n<li><strong>Astrof\u00edsica <\/strong><strong>At\u00f3mica y Molecular<\/strong><\/li>\n<\/ul>\n\n\n\n<p>Para m\u00e1s informaci\u00f3n consulta: <a href=\"https:\/\/www.irya.unam.mx\/web\/es\/investigacion\/lineas\/astrofisica-atomica-y-molecular\" target=\"_blank\" rel=\"noreferrer noopener\">https:\/\/www.irya.unam.mx\/web\/es\/investigacion\/lineas\/astrofisica-atomica-y-molecular<\/a><\/p>\n<\/div><\/div>\n<\/div><\/div><\/div>\n<\/div><\/div>\n\n\n\n<div class=\"wp-block-kadence-tab kt-tab-inner-content kt-inner-tab-4 kt-inner-tab_43e25f-95\"><div class=\"kt-tab-inner-content-inner\">\n<div class=\"wp-block-media-text alignwide is-stacked-on-mobile\"><figure class=\"wp-block-media-text__media\"><img decoding=\"async\" loading=\"lazy\" width=\"425\" height=\"505\" src=\"https:\/\/www.morelia.unam.mx\/campus\/wp-content\/uploads\/IRyA-contacto.jpg\" alt=\"\" class=\"wp-image-524 size-full\"\/><\/figure><div class=\"wp-block-media-text__content\">\n<p class=\"subseccion has-text-color\" style=\"color:#295d8f\"><strong>CONTACTO<\/strong><\/p>\n\n\n\n<p><strong>IRyA &#8211; UNAM<\/strong><\/p>\n\n\n\n<p>Antigua Carretera a P\u00e1tzcuaro No. 8701<\/p>\n\n\n\n<p>Col. Ex Hacienda de San Jos\u00e9 de la Huerta<\/p>\n\n\n\n<p>C.P. 58190 Morelia, Michoac\u00e1n, M\u00e9xico<\/p>\n\n\n\n<p>Tel\u00e9fonos:<\/p>\n\n\n\n<p>Desde Morelia (443) 6-89-35-00<\/p>\n\n\n\n<p>Desde Ciudad de M\u00e9xico (55) 5623-73-00<\/p>\n<\/div><\/div>\n<\/div><\/div>\n<\/div><\/div><\/div>\n<\/div><\/div>\n<\/div><\/div><\/div>\n<style class=\"advgb-styles-renderer\">#kt-layout-id_de5521-e3 > .kt-row-column-wrap{padding-top:0px;padding-bottom:0px;}@media all and (max-width: 1024px){.kadence-column_29c4da-c1 > .kt-inside-inner-col{display:block;}}@media all and (max-width: 767px){.kadence-column_29c4da-c1 > .kt-inside-inner-col{display:block;}}.kt-tabs-id_8f5d6d-44 > .kt-tabs-content-wrap > .wp-block-kadence-tab {border-width:1px 0px 0px 0px;min-height:510px;border-color:#eee;background:#fff;}.wp-block-kadence-tabs .kt-tabs-id_8f5d6d-44 > .kt-tabs-title-list li {margin:0px 4px 0px 4px;}.wp-block-kadence-tabs .kt-tabs-id_8f5d6d-44 > .kt-tabs-title-list li .kt-tab-title, .wp-block-kadence-tabs .kt-tabs-id_8f5d6d-44 > .kt-tabs-content-wrap > .kt-tabs-accordion-title .kt-tab-title {font-size:15px;line-height:35px;font-family:Open Sans;font-weight:700;border-width:0px 0px 5px 0px ;border-radius:0px 0px 0px 0px ;padding:10px 20px 10px 20px ;border-color:#fff;color:#575757;background:#e0e8ef;}.wp-block-kadence-tabs .kt-tabs-id_8f5d6d-44 > .kt-tabs-title-list li .kt-tab-title:hover, .wp-block-kadence-tabs .kt-tabs-id_8f5d6d-44 > .kt-tabs-content-wrap > .kt-tabs-accordion-title .kt-tab-title:hover {border-color:#eee;color:#444;background:#fff;}.wp-block-kadence-tabs .kt-tabs-id_8f5d6d-44 > .kt-tabs-title-list li.kt-tab-title-active .kt-tab-title, .wp-block-kadence-tabs .kt-tabs-id_8f5d6d-44 > .kt-tabs-content-wrap > .kt-tabs-accordion-title.kt-tab-title-active .kt-tab-title  {border-color:#00b5e2;color:#00b5e2;background:#fff;}@media all and (min-width: 768px){#kt-layout-id_7f8424-e3 > .kt-row-column-wrap > .inner-column-1{flex:0 1 20%;-webkit-flex:0 1 20%;}#kt-layout-id_7f8424-e3 > .kt-row-column-wrap > .inner-column-2{flex:0 1 80%;-webkit-flex:0 1 80%;}}@media all and (min-width: 768px){#kt-layout-id_e5a5f9-90 > .kt-row-column-wrap > .inner-column-1{flex:0 1 20%;-webkit-flex:0 1 20%;}#kt-layout-id_e5a5f9-90 > .kt-row-column-wrap > .inner-column-2{flex:0 1 80%;-webkit-flex:0 1 80%;}}<\/style>","protected":false},"excerpt":{"rendered":"<p>Instituto de Radioastronom\u00eda y Astrof\u00edsica<\/p>\n","protected":false},"author":2,"featured_media":505,"parent":0,"menu_order":2,"comment_status":"closed","ping_status":"closed","template":"page-template-ancho-fijo.php","meta":{"advgb_blocks_editor_width":"","advgb_blocks_columns_visual_guide":"","_coblocks_attr":"","_coblocks_dimensions":"","_coblocks_responsive_height":"","_coblocks_accordion_ie_support":"","inline_featured_image":false,"ub_ctt_via":""},"categories":[15],"tags":[],"featured_image_urls":{"full":["https:\/\/www.morelia.unam.mx\/campus\/wp-content\/uploads\/IRyA-contenido.png",258,96,false],"thumbnail":["https:\/\/www.morelia.unam.mx\/campus\/wp-content\/uploads\/IRyA-contenido-150x96.png",150,96,true],"medium":["https:\/\/www.morelia.unam.mx\/campus\/wp-content\/uploads\/IRyA-contenido.png",258,96,false],"medium_large":["https:\/\/www.morelia.unam.mx\/campus\/wp-content\/uploads\/IRyA-contenido.png",258,96,false],"large":["https:\/\/www.morelia.unam.mx\/campus\/wp-content\/uploads\/IRyA-contenido.png",258,96,false],"1536x1536":["https:\/\/www.morelia.unam.mx\/campus\/wp-content\/uploads\/IRyA-contenido.png",258,96,false],"2048x2048":["https:\/\/www.morelia.unam.mx\/campus\/wp-content\/uploads\/IRyA-contenido.png",258,96,false]},"post_excerpt_stackable":"<p>Instituto de Radioastronom\u00eda y Astrof\u00edsica Historia y LogrosOferta Acad\u00e9micaInvestigaci\u00f3nContacto Instituto de Radioastronom\u00eda y Astrof\u00edsica El Instituto de Radioastronom\u00eda y Astrof\u00edsica, (IRyA-UNAM), es una Dependencia Acad\u00e9mica de la Universidad Nacional Aut\u00f3noma de M\u00e9xico (UNAM). HISTORIA En 1995 un peque\u00f1o grupo de investigadores del Instituto de Astronom\u00eda de la UNAM se&nbsp; desplaz\u00f3 a la ciudad de Morelia como una Unidad For\u00e1nea de dicho Instituto. La Unidad se&nbsp; ubic\u00f3 durante el primer a\u00f1o en un espacio proporcionado por la UMSNH, para luego&nbsp; trasladarse a una casa particular que se rent\u00f3 y adapt\u00f3 como recinto acad\u00e9mico. En el a\u00f1o&nbsp; 2000 la Unidad se instal\u00f3&hellip;<\/p>\n","category_list":"<a href=\"https:\/\/www.morelia.unam.mx\/campus\/category\/dependencias\/\" rel=\"category tag\">Dependencias<\/a>","author_info":{"name":"Erik Espinosa","url":"https:\/\/www.morelia.unam.mx\/campus\/author\/eespinosa\/"},"comments_num":"0 comments","featured_image_src":"https:\/\/www.morelia.unam.mx\/campus\/wp-content\/uploads\/IRyA-contenido.png","coauthors":[],"author_meta":{"author_link":"https:\/\/www.morelia.unam.mx\/campus\/author\/eespinosa\/","display_name":"Erik Espinosa"},"relative_dates":{"created":"Publicado 4 a\u00f1os hace","modified":"Actualizado 12 meses hace"},"absolute_dates":{"created":"Publicado el 21 abril, 2022","modified":"Actualizado el 24 abril, 2025"},"absolute_dates_time":{"created":"Publicado el 21 abril, 2022 1:17 pm","modified":"Actualizado el 24 abril, 2025 6:14 pm"},"featured_img_caption":"","featured_img":"https:\/\/www.morelia.unam.mx\/campus\/wp-content\/uploads\/IRyA-contenido.png","uagb_featured_image_src":{"full":["https:\/\/www.morelia.unam.mx\/campus\/wp-content\/uploads\/IRyA-contenido.png",258,96,false],"thumbnail":["https:\/\/www.morelia.unam.mx\/campus\/wp-content\/uploads\/IRyA-contenido-150x96.png",150,96,true],"medium":["https:\/\/www.morelia.unam.mx\/campus\/wp-content\/uploads\/IRyA-contenido.png",258,96,false],"medium_large":["https:\/\/www.morelia.unam.mx\/campus\/wp-content\/uploads\/IRyA-contenido.png",258,96,false],"large":["https:\/\/www.morelia.unam.mx\/campus\/wp-content\/uploads\/IRyA-contenido.png",258,96,false],"1536x1536":["https:\/\/www.morelia.unam.mx\/campus\/wp-content\/uploads\/IRyA-contenido.png",258,96,false],"2048x2048":["https:\/\/www.morelia.unam.mx\/campus\/wp-content\/uploads\/IRyA-contenido.png",258,96,false]},"uagb_author_info":{"display_name":"Erik Espinosa","author_link":"https:\/\/www.morelia.unam.mx\/campus\/author\/eespinosa\/"},"uagb_comment_info":0,"uagb_excerpt":"Instituto de Radioastronom\u00eda y Astrof\u00edsica","_links":{"self":[{"href":"https:\/\/www.morelia.unam.mx\/campus\/wp-json\/wp\/v2\/pages\/371"}],"collection":[{"href":"https:\/\/www.morelia.unam.mx\/campus\/wp-json\/wp\/v2\/pages"}],"about":[{"href":"https:\/\/www.morelia.unam.mx\/campus\/wp-json\/wp\/v2\/types\/page"}],"author":[{"embeddable":true,"href":"https:\/\/www.morelia.unam.mx\/campus\/wp-json\/wp\/v2\/users\/2"}],"replies":[{"embeddable":true,"href":"https:\/\/www.morelia.unam.mx\/campus\/wp-json\/wp\/v2\/comments?post=371"}],"version-history":[{"count":33,"href":"https:\/\/www.morelia.unam.mx\/campus\/wp-json\/wp\/v2\/pages\/371\/revisions"}],"predecessor-version":[{"id":2152,"href":"https:\/\/www.morelia.unam.mx\/campus\/wp-json\/wp\/v2\/pages\/371\/revisions\/2152"}],"wp:featuredmedia":[{"embeddable":true,"href":"https:\/\/www.morelia.unam.mx\/campus\/wp-json\/wp\/v2\/media\/505"}],"wp:attachment":[{"href":"https:\/\/www.morelia.unam.mx\/campus\/wp-json\/wp\/v2\/media?parent=371"}],"wp:term":[{"taxonomy":"category","embeddable":true,"href":"https:\/\/www.morelia.unam.mx\/campus\/wp-json\/wp\/v2\/categories?post=371"},{"taxonomy":"post_tag","embeddable":true,"href":"https:\/\/www.morelia.unam.mx\/campus\/wp-json\/wp\/v2\/tags?post=371"}],"curies":[{"name":"wp","href":"https:\/\/api.w.org\/{rel}","templated":true}]}}